{"id":1939,"date":"2021-11-26T12:31:05","date_gmt":"2021-11-26T15:31:05","guid":{"rendered":"https:\/\/saopaulo.wordcamp.org\/2021\/?page_id=1939"},"modified":"2021-11-27T17:26:40","modified_gmt":"2021-11-27T20:26:40","slug":"trilha-c","status":"publish","type":"page","link":"https:\/\/saopaulo.wordcamp.org\/2021\/trilha-c\/","title":{"rendered":"Trilha C"},"content":{"rendered":"\n<h2 class=\"wp-block-heading\">Acompanhe o evento ao vivo agora!<\/h2>\n\n\n\n<p>Acompanhe tamb\u00e9m as outras trilhas:<br><a rel=\"noreferrer noopener\" href=\"https:\/\/saopaulo.wordcamp.org\/2021\/trilha-a\/\" data-type=\"URL\" data-id=\"https:\/\/saopaulo.wordcamp.org\/2021\/trilha-a\/\" target=\"_blank\">Trilha A<\/a> | <a href=\"https:\/\/saopaulo.wordcamp.org\/2021\/trilha-b\/\">Trilha B<\/a> |<a href=\"https:\/\/saopaulo.wordcamp.org\/2021\/trilha-c\/\"> Trilha C |<\/a><a href=\"https:\/\/saopaulo.wordcamp.org\/2021\/trilha-d\/\"> Trilha D<\/a><\/p>\n\n\n\n<div class=\"wp-block-columns is-layout-flex wp-container-core-columns-is-layout-9d6595d7 wp-block-columns-is-layout-flex\">\n<div class=\"wp-block-column is-layout-flow wp-block-column-is-layout-flow\" style=\"flex-basis:66.66%\">\n<figure class=\"wp-block-embed is-type-video is-provider-youtube wp-block-embed-youtube wp-embed-aspect-16-9 wp-has-aspect-ratio\"><div class=\"wp-block-embed__wrapper\">\n<span class=\"embed-youtube\" style=\"text-align:center; display: block;\"><iframe loading=\"lazy\" class=\"youtube-player\" width=\"640\" height=\"360\" src=\"https:\/\/www.youtube.com\/embed\/67-KalP0U88?version=3&#038;rel=1&#038;showsearch=0&#038;showinfo=1&#038;iv_load_policy=1&#038;fs=1&#038;hl=pt-BR&#038;autohide=2&#038;wmode=transparent\" allowfullscreen=\"true\" style=\"border:0;\" sandbox=\"allow-scripts allow-same-origin allow-popups allow-presentation allow-popups-to-escape-sandbox\"><\/iframe><\/span>\n<\/div><\/figure>\n<\/div>\n\n\n\n<div class=\"wp-block-column is-layout-flow wp-block-column-is-layout-flow\" style=\"flex-basis:33.33%\">\n\t<div class=\"wp-block-wordcamp-youtube-live-chat-embed\">\n\t\t<iframe\n\t\t\tid=\"wp-block-wordcamp-youtube-live-chat-embed__video-67-KalP0U88\"\n\t\t\ttitle=\"Embedded YouTube live chat\"\n\t\t\tsrc=\"https:\/\/www.youtube.com\/live_chat?v=67-KalP0U88&#038;embed_domain=saopaulo.wordcamp.org\"\n\t\t\tsandbox=\"allow-same-origin allow-scripts allow-popups\"\n\t\t>\n\t\t<\/iframe>\n\n\t\t\n\t\t<p class=\"wp-block-wordcamp-youtube-live-chat-embed__availability-warning\">\n\t\t\tNota: Se usar um dispositivo m\u00f3vel, o YouTube pode bloquear o bate-papo ao vivo. \u00c9 poss\u00edvel acessa-lo atrav\u00e9s do aplicativo nativo.\t\t<\/p>\n\t<\/div>\n\n\t<\/div>\n<\/div>\n\n\n\n<p>SALA DO WORDCANA: <a href=\"https:\/\/meet.jit.si\/wcsp-2021-wordcana\">https:\/\/meet.jit.si\/wcsp-2021-wordcana <\/a><\/p>\n\n\n\n<h3 class=\"wp-block-heading\">Patrocinador KingHost<\/h3>\n\n\n\n<p>Participe do Quiz premiado da nossa patrocinadora KingHost para concorrer a um kit premiado!<br>O Kit cont\u00e9m: camiseta, meia e cartela de adesivos.<br>N\u00e3o perca essa oportunidade e acesse o link abaixo para concorrer:<br><a href=\"https:\/\/bit.ly\/3qPPjEr\">https:\/\/bit.ly\/3qPPjEr<\/a><br>Boa sorte!!<\/p>\n\n\n\n<h3 class=\"wp-block-heading\">Patrocinador Mercado Pago<\/h3>\n\n\n\n<p>Participe do Quiz premiado do nosso patrocinador Mercado Pago!<br>Concorra a itens exclusivos como mochila, caixa de som e muito mais!<br>Para concorrer a estes e mais brindes, acesse o link abaixo:<br>h<a href=\"\/\/docs.google.com\/forms\/d\/17J1H1fmIhGLGU7PSnAy3etb6XZmT2m-bB91oWo_ocus\/edit\">ttps:\/\/docs.google.com\/forms\/d\/17J1H1fmIhGLGU7PSnAy3etb6XZmT2m-bB91oWo_ocus\/edit<\/a><br>Boa sorte!!<\/p>\n\n\n\n<p>Venha conhecer o que n\u00f3s do Mercado Pago preparamos para voc\u00ea!<br>Apresenta\u00e7\u00e3o: Inova\u00e7\u00f5es do Mercado Pago para Woocommerce: DevProgram, PIX, Vagas e muito mais!<\/p>\n\n\n\n<p>Iremos contar como fazer a integra\u00e7\u00e3o do Mercado Pago com o Woocommerce, como sellers e desenvolvedores podem se certificar no Mercado Pago e muitas novidades: Pix &#8211; entenda como funciona este meio de pagamento e os principais benef\u00edcios para o seller e ainda conhe\u00e7a as melhorias que fizemos este ano!<\/p>\n\n\n\n<p>Hor\u00e1rio: 14:30 \u00e0s 15:30 &#8211;<a rel=\"noreferrer noopener\" href=\"https:\/\/us04web.zoom.us\/j\/2823702044?pwd=aWt2RkFiSDB4NmtQMzZ3eDlTQnB1UT09\" target=\"_blank\">&nbsp;<strong>neste link<\/strong><\/a>. Ao final da cada apresenta\u00e7\u00e3o, teremos um espa\u00e7o para d\u00favidas e um quiz. O vencedor vai ganhar um super brinde do Mercado Pago!<\/p>\n\n\n\n<p>Acesso da sala do Mercado Pago no link abaixo:<br><a rel=\"noreferrer noopener\" href=\"https:\/\/us04web.zoom.us\/j\/2823702044?pwd=aWt2RkFiSDB4NmtQMzZ3eDlTQnB1UT09\" target=\"_blank\">https:\/\/us04web.zoom.us\/j\/2823702044?pwd=aWt2RkFiSDB4NmtQMzZ3eDlTQnB1UT09<\/a><br>ID da reuni\u00e3o:&nbsp;<a rel=\"noreferrer noopener\" href=\"tel:2823702044\" target=\"_blank\">282 370 2044<\/a><br>Senha de acesso: 4X5qg1<\/p>\n\n\n\n<p>Das 15:30 \u00e0s 17:00, a equipe Mercado Pago continuar\u00e1 no link para bater um papo com os participantes interessados em saber mais sobre: Plugin MP para WooCommerce, Vagas Mercado Pago, Programa de Desenvolvedores, Novidades sobre Pix, e muito mais!Esperamos voc\u00ea!<br>Time Mercado Pago<\/p>\n\n\n<table class=\"wcpt-schedule\" border=\"0\"><thead><tr><th class=\"wcpt-col-time\">Hora<\/th><th class=\"wcpt-col-track\"> <span class=\"wcpt-track-name\">Trilha C<\/span> <span class=\"wcpt-track-description\"><\/span> <\/th><\/tr><\/thead><tbody><tr class=\"wcpt-time-1450 global-session palestra-seo-revelando-mitos-e-apresentando-verdades\"><td class=\"wcpt-time\">14:50<\/td><td colspan=\"1\" class=\"wcb-speaker-amanda-noronha-araujo wcb-track-trilha-c wcb-session-category-conteudo wcpt-session-type-session wcb-session-palestra-seo-revelando-mitos-e-apresentando-verdades\" data-track-title=\"Trilha C\" data-session-id=\"1066\"><div class=\"wcb-session-cell-content\"><a class=\"wcpt-session-title\" href=\"https:\/\/saopaulo.wordcamp.org\/2021\/session\/palestra-seo-revelando-mitos-e-apresentando-verdades\/\">[PALESTRA] SEO: revelando mitos e apresentando verdades<\/a> <span class=\"wcpt-session-speakers\"><a href=\"https:\/\/saopaulo.wordcamp.org\/2021\/speaker\/amanda-noronha-araujo\/\">Amanda Noronha Araujo<\/a><\/span><\/div><div class=\"wcb-session-favourite-icon\"><a href=\"#\" role=\"button\" class=\"fav-session-button\" aria-pressed=\"false\"><span class=\"screen-reader-text\">Palestra favorita: [PALESTRA] SEO: revelando mitos e apresentando verdades<\/span><span class=\"dashicons dashicons-star-filled\"><\/span><\/a><\/div><\/td><\/tr><tr class=\"wcpt-time-1540 global-session case-por-que-a-turma-de-marketing-e-contedo-deve-conhecer-um-pouco-de-programao-e-desenvolvimento-wp\"><td class=\"wcpt-time\">15:40<\/td><td colspan=\"1\" class=\"wcb-speaker-sandra-peres wcb-track-trilha-c wcb-session-category-conteudo wcpt-session-type-session wcb-session-case-por-que-a-turma-de-marketing-e-conteudo-deve-conhecer-um-pouco-de-programacao-e-desenvolvimento-wp\" data-track-title=\"Trilha C\" data-session-id=\"1088\"><div class=\"wcb-session-cell-content\"><a class=\"wcpt-session-title\" href=\"https:\/\/saopaulo.wordcamp.org\/2021\/session\/case-por-que-a-turma-de-marketing-e-conteudo-deve-conhecer-um-pouco-de-programacao-e-desenvolvimento-wp\/\">[CASE] Por que a turma de Marketing e Conte\u00fado deve conhecer um pouco de programa\u00e7\u00e3o e desenvolvimento WP?<\/a> <span class=\"wcpt-session-speakers\"><a href=\"https:\/\/saopaulo.wordcamp.org\/2021\/speaker\/sandra-peres\/\">Sandra Peres<\/a><\/span><\/div><div class=\"wcb-session-favourite-icon\"><a href=\"#\" role=\"button\" class=\"fav-session-button\" aria-pressed=\"false\"><span class=\"screen-reader-text\">Palestra favorita: [CASE] Por que a turma de Marketing e Conte\u00fado deve conhecer um pouco de programa\u00e7\u00e3o e desenvolvimento WP?<\/span><span class=\"dashicons dashicons-star-filled\"><\/span><\/a><\/div><\/td><\/tr><\/tbody><\/table>\n\t<div class=\"email-form fav-session-email-form-hide\">\n\t\t<!-- Tab links -->\n\t\t<div class=\"fav-session-share-tab\">\n\t\t\t\t\t\t\t<div class=\"fav-session-tablinks\" id=\"fav-session-btn-email\">\n\t\t\t\t\tE-mail\t\t\t\t<\/div>\n\t\t\t\n\t\t\t<div class=\"fav-session-tablinks\" id=\"fav-session-btn-link\">\n\t\t\t\tLink\t\t\t<\/div>\n\n\t\t\t<div class=\"fav-session-tablinks\" id=\"fav-session-btn-print\">\n\t\t\t\tImprimir\t\t\t<\/div>\n\t\t<\/div>\n\n\t\t<!-- Tab content -->\n\t\t\t\t\t<div id=\"fav-session-tab-email\" class=\"fav-session-share-tabcontent\">\n\t\t\t\t<div id=\"fav-session-email-form\">\n\t\t\t\t\tEnvie-me minhas sess\u00f5es favoritas:\n\t\t\t\t\t<form id=\"fav-sessions-form\">\n\t\t\t\t\t\t<input\n\t\t\t\t\t\t\ttype=\"text\"\n\t\t\t\t\t\t\tname=\"email_address\"\n\t\t\t\t\t\t\tid=\"fav-sessions-email-address\"\n\t\t\t\t\t\t\tplaceholder=\"me@protonmail.com\"\n\t\t\t\t\t\t\/>\n\t\t\t\t\t\t<input type=\"submit\" value=\"Enviar\" \/>\n\t\t\t\t\t<\/form>\n\t\t\t\t<\/div>\n\n\t\t\t\t<div class=\"fav-session-email-wait-spinner\"><\/div>\n\t\t\t\t<div class=\"fav-session-email-result\"><\/div>\n\t\t\t<\/div>\n\t\t\n\t\t<div id=\"fav-session-tab-link\" class=\"fav-session-share-tabcontent\">\n\t\t\tLink compartilh\u00e1vel:\t\t\t<br \/>\n\t\t\t<a id=\"fav-sessions-link\" href=\"\"><\/a>\n\t\t<\/div>\n\n\t\t<div id=\"fav-session-tab-print\" class=\"fav-session-share-tabcontent\">\n\t\t\t<button id=\"fav-session-print\">\n\t\t\t\tImprimir sess\u00f5es favoritas\t\t\t<\/button>\n\t\t<\/div>\n\t<\/div>\n\n\t<a class=\"show-email-form\" href=\"javascript:\">\n\t\t<span class=\"dashicons dashicons-star-filled\"><\/span>\n\t\t<span class=\"dashicons dashicons-email-alt\"><\/span>\n\t<\/a>\n\n\t\n","protected":false},"excerpt":{"rendered":"<p>Acompanhe o evento ao vivo agora!<\/p>\n","protected":false},"author":98905,"featured_media":0,"parent":0,"menu_order":0,"comment_status":"closed","ping_status":"closed","template":"","meta":{"jetpack_post_was_ever_published":false,"footnotes":""},"class_list":["post-1939","page","type-page","status-publish","hentry"],"jetpack_sharing_enabled":true,"_links":{"self":[{"href":"https:\/\/saopaulo.wordcamp.org\/2021\/wp-json\/wp\/v2\/pages\/1939","targetHints":{"allow":["GET"]}}],"collection":[{"href":"https:\/\/saopaulo.wordcamp.org\/2021\/wp-json\/wp\/v2\/pages"}],"about":[{"href":"https:\/\/saopaulo.wordcamp.org\/2021\/wp-json\/wp\/v2\/types\/page"}],"author":[{"embeddable":true,"href":"https:\/\/saopaulo.wordcamp.org\/2021\/wp-json\/wp\/v2\/users\/98905"}],"replies":[{"embeddable":true,"href":"https:\/\/saopaulo.wordcamp.org\/2021\/wp-json\/wp\/v2\/comments?post=1939"}],"version-history":[{"count":9,"href":"https:\/\/saopaulo.wordcamp.org\/2021\/wp-json\/wp\/v2\/pages\/1939\/revisions"}],"predecessor-version":[{"id":2083,"href":"https:\/\/saopaulo.wordcamp.org\/2021\/wp-json\/wp\/v2\/pages\/1939\/revisions\/2083"}],"wp:attachment":[{"href":"https:\/\/saopaulo.wordcamp.org\/2021\/wp-json\/wp\/v2\/media?parent=1939"}],"curies":[{"name":"wp","href":"https:\/\/api.w.org\/{rel}","templated":true}]}}