{"id":21,"date":"2021-09-02T02:35:01","date_gmt":"2021-09-02T05:35:01","guid":{"rendered":"https:\/\/saopaulo.wordcamp.org\/2021\/code-of-conduct\/"},"modified":"2021-09-27T19:45:22","modified_gmt":"2021-09-27T22:45:22","slug":"codigo-de-conduta","status":"publish","type":"page","link":"https:\/\/saopaulo.wordcamp.org\/2021\/codigo-de-conduta\/","title":{"rendered":"C\u00f3digo de conduta"},"content":{"rendered":"\n<hr class=\"wp-block-separator has-text-color has-background has-white-background-color has-white-color\" \/>\n\n\n\n<h3 class=\"wp-block-heading\">1. Prop\u00f3sito<\/h3>\n\n\n\n<p>O<strong> WordCamp S\u00e3o Paulo<\/strong> acredita que a nossa comunidade deve ser aberta para todos. Dessa forma, estamos comprometidos a oferecer um ambiente amig\u00e1vel, seguro e acolhedor para todos, n\u00e3o importando as caracter\u00edsticas \u00e9tnico-raciais, o sexo, a orienta\u00e7\u00e3o sexual, as defici\u00eancias f\u00edsicas, a religi\u00e3o, o sistema operacional preferido, a linguagem de programa\u00e7\u00e3o ou o editor de texto. <\/p>\n\n\n\n<p>Este c\u00f3digo de conduta descreve as nossas expectativas para o comportamento do participante, bem como as consequ\u00eancias para o comportamento inaceit\u00e1vel. Convidamos a todos os patrocinadores, volunt\u00e1rios, palestrantes, inscritos e outros participantes para nos ajudar a manter uma experi\u00eancia de confer\u00eancia segura e positiva para todos.<\/p>\n\n\n\n<hr class=\"wp-block-separator has-text-color has-background has-white-background-color has-white-color is-style-default\" \/>\n\n\n\n<h3 class=\"wp-block-heading\">2. Sendo um bom cidad\u00e3o WordPress<\/h3>\n\n\n\n<p>A meta suplementar deste c\u00f3digo de conduta \u00e9 aumentar a cidadania de c\u00f3digo aberto, incentivando os participantes a reconhecer e fortalecer as rela\u00e7\u00f5es entre o que fazemos e da comunidade em geral. <\/p>\n\n\n\n<p>No prop\u00f3sito desse objetivo, os organizadores do <strong>WordCamp S\u00e3o Paulo<\/strong> aceitar\u00e3o nomea\u00e7\u00f5es para cidad\u00e3os exemplares durante todo o evento e destacar\u00e3o esses participantes, ap\u00f3s a confer\u00eancia, no site do <strong>WordCamp S\u00e3o Paulo<\/strong>. <\/p>\n\n\n\n<p>Se voc\u00ea souber de algu\u00e9m que est\u00e1 fazendo um esfor\u00e7o extra para garantir que a nossa comunidade seja acolhedora e simp\u00e1tica, incentivando os participantes a contribuir ao m\u00e1ximo, n\u00f3s queremos saber. <\/p>\n\n\n\n<p>Voc\u00ea pode nomear algu\u00e9m entrando em&nbsp;<a href=\"https:\/\/saopaulo.wordcamp.org\/2021\/contato\/\" data-type=\"page\" data-id=\"17\" target=\"_blank\" rel=\"noreferrer noopener\">contato<\/a> com a organiza\u00e7\u00e3o do <strong>WordCamp S\u00e3o Paulo<\/strong>.<\/p>\n\n\n\n<hr class=\"wp-block-separator has-text-color has-background has-white-background-color has-white-color\" \/>\n\n\n\n<h3 class=\"wp-block-heading\">3. Comportamento esperado<\/h3>\n\n\n\n<p>Seja atencioso, respeitoso e colaborativo. Abstenha-se de humilhar, discriminar ou assediar, seja pelo comportamento ou por discurso e\/ou fala ofensivos. Esteja consciente de seu entorno e de seus colegas participantes.<\/p>\n\n\n\n<p> Se voc\u00ea notar uma situa\u00e7\u00e3o perigosa ou algu\u00e9m em perigo, alerte os organizadores da confer\u00eancia. Participe de forma aut\u00eantica e ativa. Ao fazer isso, voc\u00ea ajuda a manter o<strong> WordCamp S\u00e3o Paulo<\/strong>.<\/p>\n\n\n\n<hr class=\"wp-block-separator has-text-color has-background has-white-background-color has-white-color\" \/>\n\n\n\n<h3 class=\"wp-block-heading\">4. Comportamento inaceit\u00e1vel<\/h3>\n\n\n\n<p>Comportamentos inaceit\u00e1veis incluem: intimidar, ofender, abusar, discriminar, depreciar ou humilhar quaisquer participantes do <strong>WordCamp S\u00e3o Paulo<\/strong> e eventos relacionados. <\/p>\n\n\n\n<p>Por ass\u00e9dio, entende-se: coment\u00e1rios ofensivos verbais relacionados a sexo, orienta\u00e7\u00e3o sexual, ra\u00e7a, religi\u00e3o, defici\u00eancias f\u00edsicas; uso inadequado de nudez e\/ou imagens sexuais em espa\u00e7os p\u00fablicos (incluindo apresenta\u00e7\u00e3o de slides); intimida\u00e7\u00e3o; persegui\u00e7\u00e3o deliberada; ass\u00e9dio fotogr\u00e1fico ou audiovisual; cont\u00ednua interrup\u00e7\u00e3o de palestras ou oficinas; contato f\u00edsico inapropriado; e aten\u00e7\u00e3o sexual indesejada.<\/p>\n\n\n\n<hr class=\"wp-block-separator has-text-color has-background has-white-background-color has-white-color\" \/>\n\n\n\n<h3 class=\"wp-block-heading\">5. Consequ\u00eancias de um comportamento inaceit\u00e1vel<\/h3>\n\n\n\n<p>Comportamento inaceit\u00e1vel n\u00e3o ser\u00e1 tolerado, quer seja por inscritos, organizadores, patrocinadores ou outros participantes do <strong>WordCamp S\u00e3o Paulo<\/strong>. Quem for pedido para parar com algum comportamento inaceit\u00e1vel dever\u00e1 cumprir imediatamente. <\/p>\n\n\n\n<p>Se algum participante mostrar comportamento inaceit\u00e1vel, os organizadores do <strong>WordCamp S\u00e3o Paulo<\/strong> podem tomar qualquer a\u00e7\u00e3o que considerem ser adequadas, inclusive a expuls\u00e3o da confer\u00eancia, sem aviso ou reembolso.<\/p>\n\n\n\n<hr class=\"wp-block-separator has-text-color has-background has-white-background-color has-white-color\" \/>\n\n\n\n<h3 class=\"wp-block-heading\">6. O que fazer se voc\u00ea testemunhar ou estiver sujeito a um comportamento inaceit\u00e1vel<\/h3>\n\n\n\n<p>Se voc\u00ea estiver sujeito a um comportamento inaceit\u00e1vel ou perceber que algu\u00e9m est\u00e1 sujeito a um comportamento inaceit\u00e1vel, por favor, notifique, o mais r\u00e1pido poss\u00edvel, um organizador da confer\u00eancia. <\/p>\n\n\n\n<p>A equipe do <strong>WordCamp S\u00e3o Paulo<\/strong> estar\u00e1 dispon\u00edvel para ajudar os participantes a contatar a seguran\u00e7a local &#8211; ou mesmo a pol\u00edcia &#8211; para escoltar ou ajudar de outra forma aqueles que estiverem sofrendo um comportamento inaceit\u00e1vel para que, desta forma, sintam-se seguros durante a confer\u00eancia. <\/p>\n\n\n\n<p>Volunt\u00e1rios estar\u00e3o presentes durante todo o evento. Lembre-se: qualquer volunt\u00e1rio poder\u00e1 coloc\u00e1-lo em contato com um organizador da confer\u00eancia.<\/p>\n\n\n\n<hr class=\"wp-block-separator has-text-color has-background has-white-background-color has-white-color\" \/>\n\n\n\n<h3 class=\"wp-block-heading\">7. Escopo<\/h3>\n\n\n\n<p>Esperamos que, todos os participantes da confer\u00eancia &#8211; patrocinadores, volunt\u00e1rios, palestrantes, participantes e outros convidados -, respeitem este c\u00f3digo de conduta em todas as salas do <strong>WordCamp S\u00e3o Paulo<\/strong> e eventos sociais relacionados.<\/p>\n\n\n\n<hr class=\"wp-block-separator has-text-color has-background has-white-background-color has-white-color\" \/>\n\n\n\n<h3 class=\"wp-block-heading\">8. Informa\u00e7\u00f5es para contato<\/h3>\n\n\n\n<p>Fale conosco via nossa p\u00e1gina de&nbsp;<a href=\"https:\/\/saopaulo.wordcamp.org\/2021\/contato\/\" data-type=\"page\" data-id=\"17\" target=\"_blank\" rel=\"noreferrer noopener\">contato<\/a>.<\/p>\n\n\n\n<hr class=\"wp-block-separator has-text-color has-background has-white-background-color has-white-color\" \/>\n\n\n\n<h3 class=\"wp-block-heading\">9. Licen\u00e7a e atribui\u00e7\u00e3o<\/h3>\n\n\n\n<p>Este C\u00f3digo de Conduta \u00e9 inspirado no trabalho incr\u00edvel da Open Source Bridge. Para atender a realidade do <strong>WordCamp S\u00e3o Paulo<\/strong>, o documento foi adaptado \u00e0s necessidades do nosso evento. <\/p>\n\n\n\n<p>Distribu\u00eddo e sob licen\u00e7a Creative Commons Attribution Share-Alike, o c\u00f3digo original est\u00e1 dispon\u00edvel em <a rel=\"noreferrer noopener\" href=\"https:\/\/opensource.guide\/code-of-conduct\/\" target=\"_blank\">opensource.guide\/code-of-conduct<\/a>.<\/p>\n","protected":false},"excerpt":{"rendered":"<p>1. Prop\u00f3sito O WordCamp S\u00e3o Paulo acredita que a nossa comunidade deve ser aberta para todos. Dessa forma, estamos comprometidos a oferecer um ambiente amig\u00e1vel, seguro e acolhedor para todos, n\u00e3o importando as caracter\u00edsticas \u00e9tnico-raciais, o sexo, a orienta\u00e7\u00e3o sexual, &hellip; <a href=\"https:\/\/saopaulo.wordcamp.org\/2021\/codigo-de-conduta\/\">Continue lendo <span class=\"assistive-text\">C\u00f3digo de conduta<\/span>  <span class=\"meta-nav\">&rarr;<\/span><\/a><\/p>\n","protected":false},"author":98905,"featured_media":0,"parent":0,"menu_order":0,"comment_status":"closed","ping_status":"closed","template":"","meta":{"jetpack_post_was_ever_published":false,"footnotes":""},"class_list":["post-21","page","type-page","status-publish","hentry"],"jetpack_sharing_enabled":true,"_links":{"self":[{"href":"https:\/\/saopaulo.wordcamp.org\/2021\/wp-json\/wp\/v2\/pages\/21","targetHints":{"allow":["GET"]}}],"collection":[{"href":"https:\/\/saopaulo.wordcamp.org\/2021\/wp-json\/wp\/v2\/pages"}],"about":[{"href":"https:\/\/saopaulo.wordcamp.org\/2021\/wp-json\/wp\/v2\/types\/page"}],"author":[{"embeddable":true,"href":"https:\/\/saopaulo.wordcamp.org\/2021\/wp-json\/wp\/v2\/users\/98905"}],"replies":[{"embeddable":true,"href":"https:\/\/saopaulo.wordcamp.org\/2021\/wp-json\/wp\/v2\/comments?post=21"}],"version-history":[{"count":4,"href":"https:\/\/saopaulo.wordcamp.org\/2021\/wp-json\/wp\/v2\/pages\/21\/revisions"}],"predecessor-version":[{"id":561,"href":"https:\/\/saopaulo.wordcamp.org\/2021\/wp-json\/wp\/v2\/pages\/21\/revisions\/561"}],"wp:attachment":[{"href":"https:\/\/saopaulo.wordcamp.org\/2021\/wp-json\/wp\/v2\/media?parent=21"}],"curies":[{"name":"wp","href":"https:\/\/api.w.org\/{rel}","templated":true}]}}