{"id":228,"date":"2021-09-07T15:12:21","date_gmt":"2021-09-07T18:12:21","guid":{"rendered":"https:\/\/saopaulo.wordcamp.org\/2021\/?page_id=228"},"modified":"2021-12-02T14:07:00","modified_gmt":"2021-12-02T17:07:00","slug":"home","status":"publish","type":"page","link":"https:\/\/saopaulo.wordcamp.org\/2021\/","title":{"rendered":"Home"},"content":{"rendered":"\n<div class=\"wp-block-columns full-width header-hero has-black-background-color has-background is-layout-flex wp-container-core-columns-is-layout-8f761849 wp-block-columns-is-layout-flex\">\n<div class=\"wp-block-column is-vertically-aligned-center is-layout-flow wp-block-column-is-layout-flow\" style=\"flex-basis:50%\">\n<div class=\"wp-block-image\"><figure class=\"aligncenter size-large\"><img loading=\"lazy\" decoding=\"async\" width=\"1024\" height=\"1021\" src=\"https:\/\/saopaulo.wordcamp.org\/2021\/files\/2021\/09\/wordcamp-sao-paulo-10-anos-1024x1021.png\" alt=\"\" class=\"wp-image-514\" srcset=\"https:\/\/saopaulo.wordcamp.org\/2021\/files\/2021\/09\/wordcamp-sao-paulo-10-anos-1024x1021.png 1024w, https:\/\/saopaulo.wordcamp.org\/2021\/files\/2021\/09\/wordcamp-sao-paulo-10-anos-300x300.png 300w, https:\/\/saopaulo.wordcamp.org\/2021\/files\/2021\/09\/wordcamp-sao-paulo-10-anos-150x150.png 150w, https:\/\/saopaulo.wordcamp.org\/2021\/files\/2021\/09\/wordcamp-sao-paulo-10-anos-768x766.png 768w, https:\/\/saopaulo.wordcamp.org\/2021\/files\/2021\/09\/wordcamp-sao-paulo-10-anos-301x300.png 301w, https:\/\/saopaulo.wordcamp.org\/2021\/files\/2021\/09\/wordcamp-sao-paulo-10-anos-1536x1532.png 1536w, https:\/\/saopaulo.wordcamp.org\/2021\/files\/2021\/09\/wordcamp-sao-paulo-10-anos-1000x997.png 1000w, https:\/\/saopaulo.wordcamp.org\/2021\/files\/2021\/09\/wordcamp-sao-paulo-10-anos.png 1772w\" sizes=\"auto, (max-width: 1024px) 100vw, 1024px\" \/><\/figure><\/div>\n<\/div>\n\n\n\n<div class=\"wp-block-column is-vertically-aligned-center is-layout-flow wp-block-column-is-layout-flow\" style=\"flex-basis:50%\">\n<p class=\"wp-block-paragraph\"><\/p>\n\n\n\n<h1 class=\"has-text-align-center text-sm-left has-white-color has-text-color wp-block-heading\" style=\"font-weight:300\"><strong>WordCamp S\u00e3o Paulo<br> completa 10 anos<\/strong><\/h1>\n\n\n\n<h2 class=\"has-text-align-center text-sm-left has-white-color has-text-color wp-block-heading\" style=\"font-weight:300\">27 de novembro, s\u00e1bado<\/h2>\n\n\n\n<h2 class=\"has-text-align-center text-sm-left has-white-color has-text-color wp-block-heading\" style=\"font-weight:300\">Das 14h \u00e0s 17h10<\/h2>\n\n\n\n<p class=\"wp-block-paragraph\"><\/p>\n\n\n\n<h2 class=\"has-text-align-center text-sm-left has-white-color has-text-color wp-block-heading\" style=\"font-weight:300\">Online e gratuito <\/h2>\n\n\n\n<h3 class=\"has-text-align-center text-sm-left has-white-color has-text-color wp-block-heading\" style=\"font-weight:300\">A maior confer\u00eancia da Am\u00e9rica Latina dedicada ao <strong>WordPress<\/strong>.<\/h3>\n\n\n\n<hr class=\"wp-block-separator\" \/>\n\n\n\n<h3 class=\"has-text-align-center has-white-color has-text-color wp-block-heading\">Reveja as atividades<\/h3>\n\n\n\n<div class=\"wp-block-buttons is-content-justification-center is-layout-flex wp-block-buttons-is-layout-flex\">\n<div class=\"wp-block-button\"><a class=\"wp-block-button__link has-black-color has-text-color has-background\" href=\"https:\/\/saopaulo.wordcamp.org\/2021\/trilha-a\/\" style=\"background-color:#feaf38\"><strong>Trilha A<\/strong><\/a><\/div>\n\n\n\n<div class=\"wp-block-button\"><a class=\"wp-block-button__link has-black-color has-text-color has-background\" href=\"https:\/\/saopaulo.wordcamp.org\/2021\/trilha-b\/\" style=\"background-color:#feaf38\"><strong>Trilha B<\/strong><\/a><\/div>\n\n\n\n<div class=\"wp-block-button\"><a class=\"wp-block-button__link has-black-color has-text-color has-background\" href=\"https:\/\/saopaulo.wordcamp.org\/2021\/trilha-c\/\" style=\"background-color:#feaf38\"><strong>Trilha C<\/strong><\/a><\/div>\n\n\n\n<div class=\"wp-block-button\"><a class=\"wp-block-button__link has-black-color has-text-color has-background\" href=\"https:\/\/saopaulo.wordcamp.org\/2021\/trilha-d\/\" style=\"background-color:#feaf38\"><strong>Trilha D<\/strong><\/a><\/div>\n<\/div>\n\n\n\n<p class=\"wp-block-paragraph\"><\/p>\n\n\n\n<p class=\"wp-block-paragraph\"><\/p>\n<\/div>\n<\/div>\n\n\n\n<div class=\"wp-block-columns has-2-columns home-section section-about-wordcamp is-layout-flex wp-container-core-columns-is-layout-8f761849 wp-block-columns-is-layout-flex\">\n<div class=\"wp-block-column is-vertically-aligned-center is-layout-flow wp-block-column-is-layout-flow\">\n<p class=\"wp-block-paragraph\"><\/p>\n\n\n\n<h2 class=\"wp-block-heading\">Palestras, workshops e muita troca de conhecimento<\/h2>\n\n\n\n<p class=\"wp-block-paragraph\"><\/p>\n\n\n\n<p class=\"wp-block-paragraph\">Os <strong>WordCamps <\/strong>s\u00e3o confer\u00eancias dedicadas ao Content Management System (CMS) <strong>WordPress<\/strong> e organizadas em v\u00e1rias cidades do mundo. <\/p>\n\n\n\n<p class=\"wp-block-paragraph\">O <strong>WordCamp S\u00e3o Paulo <\/strong>acontece anualmente desde 2012. <\/p>\n\n\n\n<p class=\"wp-block-paragraph\">O <strong>WordCamp<\/strong> <strong>n\u00e3o tem fins lucrativos<\/strong>. Todo o trabalho \u00e9 volunt\u00e1rio. Toda a renda obtida com venda de ingressos e patroc\u00ednio \u00e9 revertida para o pr\u00f3prio evento.<br><\/p>\n\n\n\n<p class=\"wp-block-paragraph\"><\/p>\n<\/div>\n\n\n\n<div class=\"wp-block-column is-vertically-aligned-center is-layout-flow wp-block-column-is-layout-flow\">\n<div class=\"wp-block-image\"><figure class=\"alignleft size-large is-resized\"><img loading=\"lazy\" decoding=\"async\" src=\"https:\/\/saopaulo.wordcamp.org\/2021\/files\/2021\/09\/wapuu-sampa-motoboy-1-1024x939.png\" alt=\"\" class=\"wp-image-518\" width=\"256\" height=\"234\" srcset=\"https:\/\/saopaulo.wordcamp.org\/2021\/files\/2021\/09\/wapuu-sampa-motoboy-1-1024x939.png 1024w, https:\/\/saopaulo.wordcamp.org\/2021\/files\/2021\/09\/wapuu-sampa-motoboy-1-300x275.png 300w, https:\/\/saopaulo.wordcamp.org\/2021\/files\/2021\/09\/wapuu-sampa-motoboy-1-768x704.png 768w, https:\/\/saopaulo.wordcamp.org\/2021\/files\/2021\/09\/wapuu-sampa-motoboy-1-327x300.png 327w, https:\/\/saopaulo.wordcamp.org\/2021\/files\/2021\/09\/wapuu-sampa-motoboy-1-1000x917.png 1000w, https:\/\/saopaulo.wordcamp.org\/2021\/files\/2021\/09\/wapuu-sampa-motoboy-1.png 1200w\" sizes=\"auto, (max-width: 256px) 100vw, 256px\" \/><\/figure><\/div>\n<\/div>\n<\/div>\n\n\n\n<div class=\"wp-block-columns has-3-columns home-section section-target-audience full-width bg-purple has-background is-layout-flex wp-container-core-columns-is-layout-8f761849 wp-block-columns-is-layout-flex\" style=\"background-color:#a562b0\">\n<div class=\"wp-block-column is-layout-flow wp-block-column-is-layout-flow\">\n<h2 class=\"has-text-color has-large-font-size wp-block-heading\" style=\"color:#feaf38;font-weight:300\">Um evento da comunidade para a comunidade<\/h2>\n<\/div>\n\n\n\n<div class=\"wp-block-column is-layout-flow wp-block-column-is-layout-flow\">\n<p class=\"wp-block-paragraph\"><\/p>\n\n\n\n<p class=\"has-white-color has-text-color wp-block-paragraph\">Quem \u00e9 o p\u00fablico do <strong>WordCamp<\/strong>? Todos que se interessem por <strong>WordPress<\/strong> \u2014 do b\u00e1sico ao avan\u00e7ado. <\/p>\n<\/div>\n\n\n\n<div class=\"wp-block-column is-layout-flow wp-block-column-is-layout-flow\">\n<ul class=\"has-white-color has-text-color wp-block-list\"><li>Desenvolvedores<\/li><li>Designers<\/li><li>Profissionais de Marketing <\/li><li>Empreendedores<\/li><li>Blogueiros <\/li><li>Escritores <\/li><li>Jornalistas <\/li><li>Estudantes e entusiastas<\/li><\/ul>\n<\/div>\n<\/div>\n\n\n\n<div class=\"wp-block-group full-width\"><div class=\"wp-block-group__inner-container is-layout-flow wp-block-group-is-layout-flow\">\n<h2 class=\"has-text-align-center wp-block-heading\">O que acontece no WordCamp S\u00e3o Paulo?<\/h2>\n\n\n\n<div class=\"wp-block-columns is-layout-flex wp-container-core-columns-is-layout-8f761849 wp-block-columns-is-layout-flex\">\n<div class=\"wp-block-column is-layout-flow wp-block-column-is-layout-flow\" style=\"flex-basis:25%\"><\/div>\n\n\n\n<div class=\"wp-block-column is-layout-flow wp-block-column-is-layout-flow\" style=\"flex-basis:50%\">\n<div class=\"wp-block-image\"><figure class=\"aligncenter\"><img decoding=\"async\" src=\"https:\/\/2019.saopaulo.wordcamp.org\/files\/2019\/07\/dashicon-speaker.png\" alt=\"\" class=\"wp-image-732\" \/><\/figure><\/div>\n\n\n\n<h3 class=\"wp-block-heading\">Palestras &amp; Workshops<\/h3>\n\n\n\n<p class=\"wp-block-paragraph\">As sess\u00f5es ser\u00e3o apresentadas por pessoas da<strong> comunidade WordPress<\/strong> e de outras \u00e1reas. Do b\u00e1sico  ao avan\u00e7ado, sobre Desenvolvimento, Design, Neg\u00f3cios, Conte\u00fado e Comunidades.<\/p>\n<\/div>\n\n\n\n<div class=\"wp-block-column is-layout-flow wp-block-column-is-layout-flow\" style=\"flex-basis:25%\"><\/div>\n<\/div>\n<\/div><\/div>\n\n\n\n<div class=\"wp-block-columns section-call-to-action full-width is-layout-flex wp-container-core-columns-is-layout-8f761849 wp-block-columns-is-layout-flex\">\n<div class=\"wp-block-column is-layout-flow wp-block-column-is-layout-flow\">\n<h2 class=\"wp-block-heading\">N\u00e3o perca tempo, garanta o seu lugar!<\/h2>\n\n\n\n<p class=\"has-medium-font-size wp-block-paragraph\">Online, a confer\u00eancia paulistana dedicada ao <strong>WordPress<\/strong> ser\u00e1 transmitida gratuitamente. A retirada de ingresso garante o certificado de participa\u00e7\u00e3o.<\/p>\n<\/div>\n\n\n\n<div class=\"wp-block-column is-vertically-aligned-center is-layout-flow wp-block-column-is-layout-flow\">\n<div class=\"wp-block-buttons is-content-justification-center is-layout-flex wp-block-buttons-is-layout-flex\">\n<div class=\"wp-block-button has-custom-width wp-block-button__width-75\"><a class=\"wp-block-button__link has-background\" href=\"https:\/\/saopaulo.wordcamp.org\/2021\/ingressos\/\" style=\"border-radius:4px;background-color:#feaf38\">RETIRE O SEU INGRESSO \u2192<\/a><\/div>\n<\/div>\n<\/div>\n<\/div>\n\n\n","protected":false},"excerpt":{"rendered":"<p>WordCamp S\u00e3o Paulo completa 10 anos 27 de novembro, s\u00e1bado Das 14h \u00e0s 17h10 Online e gratuito A maior confer\u00eancia da Am\u00e9rica Latina dedicada ao WordPress. Reveja as atividades Palestras, workshops e muita troca de conhecimento Os WordCamps s\u00e3o confer\u00eancias &hellip; <a href=\"https:\/\/saopaulo.wordcamp.org\/2021\/\">Continue lendo <span class=\"assistive-text\">Home<\/span>  <span class=\"meta-nav\">&rarr;<\/span><\/a><\/p>\n","protected":false},"author":98905,"featured_media":0,"parent":0,"menu_order":0,"comment_status":"closed","ping_status":"closed","template":"","meta":{"_crdt_document":"","jetpack_post_was_ever_published":false,"footnotes":""},"class_list":["post-228","page","type-page","status-publish","hentry"],"jetpack_sharing_enabled":true,"_links":{"self":[{"href":"https:\/\/saopaulo.wordcamp.org\/2021\/wp-json\/wp\/v2\/pages\/228","targetHints":{"allow":["GET"]}}],"collection":[{"href":"https:\/\/saopaulo.wordcamp.org\/2021\/wp-json\/wp\/v2\/pages"}],"about":[{"href":"https:\/\/saopaulo.wordcamp.org\/2021\/wp-json\/wp\/v2\/types\/page"}],"author":[{"embeddable":true,"href":"https:\/\/saopaulo.wordcamp.org\/2021\/wp-json\/wp\/v2\/users\/98905"}],"replies":[{"embeddable":true,"href":"https:\/\/saopaulo.wordcamp.org\/2021\/wp-json\/wp\/v2\/comments?post=228"}],"version-history":[{"count":130,"href":"https:\/\/saopaulo.wordcamp.org\/2021\/wp-json\/wp\/v2\/pages\/228\/revisions"}],"predecessor-version":[{"id":2134,"href":"https:\/\/saopaulo.wordcamp.org\/2021\/wp-json\/wp\/v2\/pages\/228\/revisions\/2134"}],"wp:attachment":[{"href":"https:\/\/saopaulo.wordcamp.org\/2021\/wp-json\/wp\/v2\/media?parent=228"}],"curies":[{"name":"wp","href":"https:\/\/api.w.org\/{rel}","templated":true}]}}