{"id":183,"date":"2021-09-02T02:35:00","date_gmt":"2021-09-02T05:35:00","guid":{"rendered":"https:\/\/saopaulo.wordcamp.org\/2021\/sponsors\/"},"modified":"2022-11-14T21:22:37","modified_gmt":"2022-11-15T00:22:37","slug":"patrocinadores","status":"publish","type":"page","link":"https:\/\/saopaulo.wordcamp.org\/2022\/patrocinadores\/","title":{"rendered":"Patrocinadores"},"content":{"rendered":"\n<h2 class=\"wp-block-heading\" style=\"font-style:normal;font-weight:700\">Ouro<\/h2>\n\n\n<ul class=\"wordcamp-block wordcamp-post-list has-layout-list wordcamp-sponsors\"><li class=\"wordcamp-post-list__post wordcamp-clearfix\">\n<div class=\"wordcamp-sponsor wordcamp-sponsors__post slug-kangaroo-host\">\n\t\t\t<h3 class=\"wordcamp-block__item-title wordcamp-sponsors__title\"><a href=\"https:\/\/saopaulo.wordcamp.org\/2022\/sponsor\/kangaroo-host\/\">Kangaroo Host<\/a><\/h3>\t\n\t\t\t<div class=\"wordcamp-image__featured-image-container wordcamp-sponsors__featured-image wordcamp-sponsors__logo align-none\"><a href=\"https:\/\/saopaulo.wordcamp.org\/2022\/sponsor\/kangaroo-host\/\" class=\"wordcamp-image__featured-image-link\"><img loading=\"lazy\" decoding=\"async\" width=\"600\" height=\"77\" src=\"https:\/\/saopaulo.wordcamp.org\/2022\/files\/2021\/10\/kangaroo_host-768x99.png\" class=\"wordcamp-image__featured-image wp-post-image\" alt=\"\" srcset=\"https:\/\/saopaulo.wordcamp.org\/2022\/files\/2021\/10\/kangaroo_host-768x99.png 768w, https:\/\/saopaulo.wordcamp.org\/2022\/files\/2021\/10\/kangaroo_host-300x39.png 300w, https:\/\/saopaulo.wordcamp.org\/2022\/files\/2021\/10\/kangaroo_host-1024x132.png 1024w, https:\/\/saopaulo.wordcamp.org\/2022\/files\/2021\/10\/kangaroo_host-500x65.png 500w, https:\/\/saopaulo.wordcamp.org\/2022\/files\/2021\/10\/kangaroo_host-1536x198.png 1536w, https:\/\/saopaulo.wordcamp.org\/2022\/files\/2021\/10\/kangaroo_host-2048x265.png 2048w, https:\/\/saopaulo.wordcamp.org\/2022\/files\/2021\/10\/kangaroo_host-1000x129.png 1000w\" sizes=\"auto, (max-width: 600px) 100vw, 600px\" \/><\/a><\/div>\t\n\t\t\t<div class=\"wordcamp-block__item-content wordcamp-sponsors__content is-full\"><p>Ol\u00e1, pequeno <strong>Kangaroo<\/strong>!<br \/>Somos uma empresa especializada em hospedagem otimizada, trabalhamos com<br \/>as mais modernas tecnologias em servidores.<\/p>\n<p>Se voc\u00ea tem um WordPress, a <strong>Kangaroo Host<\/strong> ser\u00e1 uma m\u00e3e para seu projeto!<br \/>Queremos que seus sites sejam r\u00e1pidos e seguros, garantindo uma boa<br \/>noite sono e que seus fins de semana n\u00e3o sejam interrompidos por<br \/>indisponibilidade com servidores.<br \/>Essa \u00e9 a <strong>Kangaroo Host<\/strong>, uma empresa que veio para mudar os conceitos de<br \/>Hospedagem!<\/p>\n<\/p>\n<p><strong>Facebook: <\/strong><a rel=\"noreferrer noopener\" href=\"https:\/\/www.facebook.com\/kangaroohost\" target=\"_blank\">www.facebook.com\/kangaroohost<\/a><br \/><strong>Instagram:<\/strong> <a href=\"https:\/\/www.instagram.com\/kangaroohost\/\" data-type=\"URL\" data-id=\"https:\/\/www.instagram.com\/kangaroohost\/\" target=\"_blank\" rel=\"noreferrer noopener\">www.instagram.com\/kangaroohost<\/a><br \/><strong>Site: <\/strong><a rel=\"noreferrer noopener\" href=\"https:\/\/kangaroohost.com.br\/\" target=\"_blank\">kangaroohost.com.br\/<\/a><\/p>\n<\/div>\t<\/div>\n\n<\/li><li class=\"wordcamp-post-list__post wordcamp-clearfix\">\n<div class=\"wordcamp-sponsor wordcamp-sponsors__post slug-studio-visual\">\n\t\t\t<h3 class=\"wordcamp-block__item-title wordcamp-sponsors__title\"><a href=\"https:\/\/saopaulo.wordcamp.org\/2022\/sponsor\/studio-visual\/\">Studio Visual<\/a><\/h3>\t\n\t\t\t<div class=\"wordcamp-image__featured-image-container wordcamp-sponsors__featured-image wordcamp-sponsors__logo align-none\"><a href=\"https:\/\/saopaulo.wordcamp.org\/2022\/sponsor\/studio-visual\/\" class=\"wordcamp-image__featured-image-link\"><img loading=\"lazy\" decoding=\"async\" width=\"599\" height=\"244\" src=\"https:\/\/saopaulo.wordcamp.org\/2022\/files\/2021\/10\/studiovisual-logo-black@2x-768x312.png\" class=\"wordcamp-image__featured-image wp-post-image\" alt=\"\" srcset=\"https:\/\/saopaulo.wordcamp.org\/2022\/files\/2021\/10\/studiovisual-logo-black@2x-768x312.png 768w, https:\/\/saopaulo.wordcamp.org\/2022\/files\/2021\/10\/studiovisual-logo-black@2x-300x122.png 300w, https:\/\/saopaulo.wordcamp.org\/2022\/files\/2021\/10\/studiovisual-logo-black@2x-1024x416.png 1024w, https:\/\/saopaulo.wordcamp.org\/2022\/files\/2021\/10\/studiovisual-logo-black@2x-500x203.png 500w, https:\/\/saopaulo.wordcamp.org\/2022\/files\/2021\/10\/studiovisual-logo-black@2x-1536x624.png 1536w, https:\/\/saopaulo.wordcamp.org\/2022\/files\/2021\/10\/studiovisual-logo-black@2x-1000x406.png 1000w, https:\/\/saopaulo.wordcamp.org\/2022\/files\/2021\/10\/studiovisual-logo-black@2x.png 1975w\" sizes=\"auto, (max-width: 599px) 100vw, 599px\" \/><\/a><\/div>\t\n\t\t\t<div class=\"wordcamp-block__item-content wordcamp-sponsors__content is-full\"><p>H\u00e1 21 anos trazendo solu\u00e7\u00f5es digitais para o mercado, a<strong> Studio Visual<\/strong> \u00e9 pioneira no desenvolvimento <strong>WordPress<\/strong> no Brasil. Estamos em cont\u00ednua evolu\u00e7\u00e3o para oferecer nossas experi\u00eancias e habilidades em tecnologia e inova\u00e7\u00e3o, a fim de transformar os problemas de grandes empresas em oportunidades.<\/p>\n<p>Nosso time t\u00e9cnico \u00e9 formado por desenvolvedores especialistas em <strong>WordPress<\/strong>, integra\u00e7\u00f5es, an\u00e1lise de performance e testes funcionais.<\/p>\n<p>Trabalhamos de forma \u00e1gil e eficiente com:<br \/>\u2013 Desenvolvimento de temas e plugins sob medida;<br \/>\u2013 Desenvolvimento de aplica\u00e7\u00f5es e APIs;<br \/>\u2013 Automa\u00e7\u00e3o de testes;<br \/>\u2013 Infraestrutura eficiente, escal\u00e1vel e perform\u00e1tica.<\/p>\n<p>Al\u00e9m disso, a<strong> Studio Visual<\/strong> pensa em todos os momentos do cliente, incluindo: An\u00e1lise estrat\u00e9gica, SEO, copywriting, usabilidade, cria\u00e7\u00e3o, Social Media e BI.<\/p>\n<p>Com sede em S\u00e3o Paulo, atendemos clientes como: Serasa Experian, Roche, TOTVS, OLX, Americanas, Direcional e IT Forum.<\/p>\n<p>S\u00e3o muitos anos de experi\u00eancia em tecnologia, inova\u00e7\u00e3o e transforma\u00e7\u00e3o de problemas em oportunidades digitais.<\/p>\n<p><strong>Site:<\/strong> <a rel=\"noreferrer noopener\" href=\"https:\/\/studiovisual.com.br\" target=\"_blank\">studiovisual.com.br<\/a><br \/><strong>Facebook:<\/strong> <a rel=\"noreferrer noopener\" href=\"https:\/\/www.facebook.com\/StudioVisualBR\" target=\"_blank\">www.facebook.com\/StudioVisualBR<\/a><br \/><strong>Instagram: <\/strong><a rel=\"noreferrer noopener\" href=\"https:\/\/www.instagram.com\/studiovisualbr\" target=\"_blank\">www.instagram.com\/studiovisualbr<\/a><br \/><strong>LinkedIn:<\/strong> <a rel=\"noreferrer noopener\" href=\"https:\/\/www.linkedin.com\/company\/studio-visual\/\" target=\"_blank\">www.linkedin.com\/company\/studio-visual\/<\/a><\/p>\n<\/div>\t<\/div>\n\n<\/li><\/ul>\n\n\n<hr class=\"wp-block-separator has-alpha-channel-opacity is-style-wide\" \/>\n\n\n\n<h2 class=\"wp-block-heading\" style=\"font-style:normal;font-weight:700\">Prata<\/h2>\n\n\n<ul class=\"wordcamp-block wordcamp-post-list has-layout-list wordcamp-sponsors\"><li class=\"wordcamp-post-list__post wordcamp-clearfix\">\n<div class=\"wordcamp-sponsor wordcamp-sponsors__post slug-amicatek\">\n\t\t\t<h3 class=\"wordcamp-block__item-title wordcamp-sponsors__title\"><a href=\"https:\/\/saopaulo.wordcamp.org\/2022\/sponsor\/amicatek\/\">Amicatek<\/a><\/h3>\t\n\t\t\t<div class=\"wordcamp-image__featured-image-container wordcamp-sponsors__featured-image wordcamp-sponsors__logo align-center\"><a href=\"https:\/\/saopaulo.wordcamp.org\/2022\/sponsor\/amicatek\/\" class=\"wordcamp-image__featured-image-link\"><img loading=\"lazy\" decoding=\"async\" width=\"300\" height=\"300\" src=\"https:\/\/saopaulo.wordcamp.org\/2022\/files\/2022\/11\/amicatek-300x300.jpg\" class=\"wordcamp-image__featured-image wp-post-image\" alt=\"\" srcset=\"https:\/\/saopaulo.wordcamp.org\/2022\/files\/2022\/11\/amicatek-300x300.jpg 300w, https:\/\/saopaulo.wordcamp.org\/2022\/files\/2022\/11\/amicatek-150x150.jpg 150w, https:\/\/saopaulo.wordcamp.org\/2022\/files\/2022\/11\/amicatek-768x768.jpg 768w, https:\/\/saopaulo.wordcamp.org\/2022\/files\/2022\/11\/amicatek.jpg 800w\" sizes=\"auto, (max-width: 300px) 100vw, 300px\" \/><\/a><\/div>\t\n\t\t\t<div class=\"wordcamp-block__item-content wordcamp-sponsors__content is-full\"><p>A Amicatek nasceu em 2021 com o objetivo de fornecer solu\u00e7\u00f5es especializadas para neg\u00f3cios que utilizam o <strong>WordPress<\/strong> na opera\u00e7\u00e3o digital, sendo de fato um &#8220;bra\u00e7o tecnol\u00f3gico&#8221; dos clientes.<\/p>\n<p>Al\u00e9m do desenvolvimento especializado em <strong>WordPress<\/strong>, oferecemos solu\u00e7\u00f5es t\u00e9cnicas para integra\u00e7\u00e3o de aplica\u00e7\u00f5es (CRM, ERP e Automa\u00e7\u00e3o de Marketing) e an\u00e1lise de dados da Web para gera\u00e7\u00e3o de insights.<\/p>\n<p><strong>Site: <\/strong><a href=\"https:\/\/amicatek.com\/\" data-type=\"URL\" data-id=\"https:\/\/amicatek.com\/\" target=\"_blank\" rel=\"noreferrer noopener nofollow\">amicatek.com<\/a><br \/><strong>Facebook: <\/strong><a href=\"https:\/\/www.facebook.com\/amicatek\" data-type=\"URL\" data-id=\"https:\/\/www.facebook.com\/amicatek\" target=\"_blank\" rel=\"noreferrer noopener\">www.facebook.com\/amicatek<\/a><br \/><strong>Instagram: <\/strong><a href=\"https:\/\/www.instagram.com\/amicatek\/\" data-type=\"URL\" data-id=\"https:\/\/www.instagram.com\/amicatek\/\" target=\"_blank\" rel=\"noreferrer noopener\">www.instagram.com\/amicatek<\/a><br \/><strong>LinkedIn:<\/strong> <a href=\"https:\/\/www.linkedin.com\/company\/amicatek\/\" data-type=\"URL\" data-id=\"https:\/\/www.linkedin.com\/company\/amicatek\/\" target=\"_blank\" rel=\"noreferrer noopener\">www.linkedin.com\/company\/amicatek<\/a><\/p>\n<\/div>\t<\/div>\n\n<\/li><li class=\"wordcamp-post-list__post wordcamp-clearfix\">\n<div class=\"wordcamp-sponsor wordcamp-sponsors__post slug-comunidade-de-wordpress-de-curitiba\">\n\t\t\t<h3 class=\"wordcamp-block__item-title wordcamp-sponsors__title\"><a href=\"https:\/\/saopaulo.wordcamp.org\/2022\/sponsor\/comunidade-de-wordpress-de-curitiba\/\">Comunidade de WordPress de Curitiba<\/a><\/h3>\t\n\t\t\t<div class=\"wordcamp-image__featured-image-container wordcamp-sponsors__featured-image wordcamp-sponsors__logo align-center\"><a href=\"https:\/\/saopaulo.wordcamp.org\/2022\/sponsor\/comunidade-de-wordpress-de-curitiba\/\" class=\"wordcamp-image__featured-image-link\"><img loading=\"lazy\" decoding=\"async\" width=\"300\" height=\"345\" src=\"https:\/\/saopaulo.wordcamp.org\/2022\/files\/2022\/11\/logo-wpcuritiba-fundo-branco-768x884.jpg\" class=\"wordcamp-image__featured-image wp-post-image\" alt=\"\" srcset=\"https:\/\/saopaulo.wordcamp.org\/2022\/files\/2022\/11\/logo-wpcuritiba-fundo-branco-768x884.jpg 768w, https:\/\/saopaulo.wordcamp.org\/2022\/files\/2022\/11\/logo-wpcuritiba-fundo-branco-261x300.jpg 261w, https:\/\/saopaulo.wordcamp.org\/2022\/files\/2022\/11\/logo-wpcuritiba-fundo-branco.jpg 886w\" sizes=\"auto, (max-width: 300px) 100vw, 300px\" \/><\/a><\/div>\t\n\t\t\t<div class=\"wordcamp-block__item-content wordcamp-sponsors__content is-full\"><p>A <strong>Comunidade de WordPress de Curitiba<\/strong> \u00e9 um grupo aberto para unir profissionais e entusiastas da plataforma em Curitiba.<\/p>\n<p>Fazemos eventos gratuitos mensais desde agosto de 2015, e voc\u00ea pode assistir algumas das palestras em <a href=\"https:\/\/www.youtube.com\/c\/ComunidadeWordPressCuritiba\" data-type=\"URL\" data-id=\"https:\/\/www.youtube.com\/c\/ComunidadeWordPressCuritiba\" target=\"_blank\" rel=\"noreferrer noopener\">nosso canal<\/a> no YouTube.<\/p>\n<p>Seja voc\u00ea algu\u00e9m experiente com WordPress ou est\u00e1 come\u00e7ando agora, nossos encontros s\u00e3o uma \u00f3tima maneira de trocar conhecimento e aprender mais. Esperamos voc\u00ea no nosso pr\u00f3ximo evento!<\/p>\n<p class=\"has-small-font-size\"><strong>Meetup: <\/strong><a href=\"https:\/\/www.meetup.com\/wpcuritiba\/\" data-type=\"URL\" data-id=\"https:\/\/www.meetup.com\/wpcuritiba\/\" target=\"_blank\" rel=\"noreferrer noopener nofollow\">www.meetup.com\/wpcuritiba<\/a><br \/><strong>Instagram: <\/strong><a rel=\"noreferrer noopener\" href=\"https:\/\/www.instagram.com\/wpcuritiba\/\" data-type=\"URL\" data-id=\"https:\/\/www.instagram.com\/wpcuritiba\/\" target=\"_blank\">www.instagram.com\/wpcuritiba<\/a><br \/><strong>Facebook:<\/strong> <a rel=\"noreferrer noopener\" href=\"https:\/\/www.facebook.com\/ComunidadeWordPressCuritiba\/\" data-type=\"URL\" data-id=\"https:\/\/www.facebook.com\/ComunidadeWordPressCuritiba\/\" target=\"_blank\">www.facebook.com\/ComunidadeWordPressCuritiba<\/a><br \/><strong>YouTube: <\/strong><a rel=\"noreferrer noopener\" href=\"https:\/\/www.youtube.com\/c\/ComunidadeWordPressCuritiba\" data-type=\"URL\" data-id=\"https:\/\/www.youtube.com\/c\/ComunidadeWordPressCuritiba\" target=\"_blank\">www.youtube.com\/c\/ComunidadeWordPressCuritiba<\/a><\/p>\n<\/div>\t<\/div>\n\n<\/li><\/ul>\n\n\n<hr class=\"wp-block-separator has-alpha-channel-opacity is-style-wide\" \/>\n\n\n\n<h2 class=\"wp-block-heading\" style=\"font-style:normal;font-weight:700\">Bronze<\/h2>\n\n\n<ul class=\"wordcamp-block wordcamp-post-list has-layout-list wordcamp-sponsors\"><li class=\"wordcamp-post-list__post wordcamp-clearfix\">\n<div class=\"wordcamp-sponsor wordcamp-sponsors__post slug-painelwp\">\n\t\t\t<h3 class=\"wordcamp-block__item-title wordcamp-sponsors__title\"><a href=\"https:\/\/saopaulo.wordcamp.org\/2022\/sponsor\/painelwp\/\">PainelWP<\/a><\/h3>\t\n\t\t\t<div class=\"wordcamp-image__featured-image-container wordcamp-sponsors__featured-image wordcamp-sponsors__logo align-center\"><a href=\"https:\/\/saopaulo.wordcamp.org\/2022\/sponsor\/painelwp\/\" class=\"wordcamp-image__featured-image-link\"><img loading=\"lazy\" decoding=\"async\" width=\"600\" height=\"117\" src=\"https:\/\/saopaulo.wordcamp.org\/2022\/files\/2021\/10\/painelwp-768x150.png\" class=\"wordcamp-image__featured-image wp-post-image\" alt=\"\" srcset=\"https:\/\/saopaulo.wordcamp.org\/2022\/files\/2021\/10\/painelwp-768x150.png 768w, https:\/\/saopaulo.wordcamp.org\/2022\/files\/2021\/10\/painelwp-300x58.png 300w, https:\/\/saopaulo.wordcamp.org\/2022\/files\/2021\/10\/painelwp-1024x200.png 1024w, https:\/\/saopaulo.wordcamp.org\/2022\/files\/2021\/10\/painelwp-500x97.png 500w, https:\/\/saopaulo.wordcamp.org\/2022\/files\/2021\/10\/painelwp-1536x300.png 1536w, https:\/\/saopaulo.wordcamp.org\/2022\/files\/2021\/10\/painelwp-2048x399.png 2048w, https:\/\/saopaulo.wordcamp.org\/2022\/files\/2021\/10\/painelwp-1000x195.png 1000w\" sizes=\"auto, (max-width: 600px) 100vw, 600px\" \/><\/a><\/div>\t\n\t\t\t<div class=\"wordcamp-block__item-content wordcamp-sponsors__content is-full\"><p>O <strong>PainelWP<\/strong> \u00e9 uma newsletter semanal e gratuita com as principais not\u00edcias, tutoriais, dicas, v\u00eddeos, eventos e vagas sobre o maravilhoso mundo do <strong>WordPress<\/strong>. <\/p>\n<p>O seu objetivo principal \u00e9 fomentar a produ\u00e7\u00e3o de conte\u00fado em portugu\u00eas sobre o CMS e, dessa forma, ajudar a divulg\u00e1-lo.<\/p>\n<p><strong>Site:<\/strong> <a rel=\"noreferrer noopener\" href=\"https:\/\/www.painelwp.com.br\/\" target=\"_blank\">https:\/\/www.painelwp.com.br<\/a><br \/><strong>Instagram: <\/strong><a rel=\"noreferrer noopener\" href=\"https:\/\/www.instagram.com\/painelwp\/\" target=\"_blank\">www.instagram.com\/painelwp<\/a><\/p>\n<\/div>\t<\/div>\n\n<\/li><\/ul>","protected":false},"excerpt":{"rendered":"<p>Ouro Prata Bronze<\/p>\n","protected":false},"author":98905,"featured_media":0,"parent":0,"menu_order":0,"comment_status":"closed","ping_status":"closed","template":"","meta":{"jetpack_post_was_ever_published":false,"footnotes":""},"class_list":["post-183","page","type-page","status-publish","hentry"],"jetpack_sharing_enabled":true,"_links":{"self":[{"href":"https:\/\/saopaulo.wordcamp.org\/2022\/wp-json\/wp\/v2\/pages\/183","targetHints":{"allow":["GET"]}}],"collection":[{"href":"https:\/\/saopaulo.wordcamp.org\/2022\/wp-json\/wp\/v2\/pages"}],"about":[{"href":"https:\/\/saopaulo.wordcamp.org\/2022\/wp-json\/wp\/v2\/types\/page"}],"replies":[{"embeddable":true,"href":"https:\/\/saopaulo.wordcamp.org\/2022\/wp-json\/wp\/v2\/comments?post=183"}],"version-history":[{"count":6,"href":"https:\/\/saopaulo.wordcamp.org\/2022\/wp-json\/wp\/v2\/pages\/183\/revisions"}],"predecessor-version":[{"id":3352,"href":"https:\/\/saopaulo.wordcamp.org\/2022\/wp-json\/wp\/v2\/pages\/183\/revisions\/3352"}],"author":[{"embeddable":true,"href":"https:\/\/saopaulo.wordcamp.org\/2022\/wp-json\/wporg\/v1\/users\/alexkoti"}],"wp:attachment":[{"href":"https:\/\/saopaulo.wordcamp.org\/2022\/wp-json\/wp\/v2\/media?parent=183"}],"curies":[{"name":"wp","href":"https:\/\/api.w.org\/{rel}","templated":true}]}}