{"id":185,"date":"2021-09-02T02:35:00","date_gmt":"2021-09-02T05:35:00","guid":{"rendered":"https:\/\/saopaulo.wordcamp.org\/2021\/organizers\/"},"modified":"2022-10-24T23:19:12","modified_gmt":"2022-10-25T02:19:12","slug":"organizadores","status":"publish","type":"page","link":"https:\/\/saopaulo.wordcamp.org\/2022\/organizadores\/","title":{"rendered":"Organizadores"},"content":{"rendered":"<ul class=\"wordcamp-block wordcamp-post-list has-layout-list wordcamp-organizers\"><li class=\"wordcamp-post-list__post wordcamp-clearfix\">\n<div class=\"wordcamp-organizer wordcamp-organizers__post slug-alex-koti\">\n\t<h3 class=\"wordcamp-block__item-title wordcamp-organizers__title\" style=\"text-align:center\">Alex Koti<\/h3>\n\t\t\t<div class=\"wordcamp-image__avatar-container align-left\">\n\t\t\t<img decoding=\"async\" src=\"https:\/\/secure.gravatar.com\/avatar\/0d6c8e9b32a285cbfb8fc24c1040d6bdb13963071fdc158f12838cb2acc025a4?s=200&amp;d=mm&amp;r=g\" alt=\"Avatar de Alex Koti\" \/>\t\t<\/div>\n\t\n\t\t\t<div class=\"wordcamp-block__item-content wordcamp-organizers__content is-full\"><p>Sou formado em Design e Artes Visuais. Trabalho com front-end desde 2004 e com PHP desde 2007, quando conhecei o <strong>WordPress <\/strong>na vers\u00e3o 1.5. <\/p>\n<p>Atualmente, trabalho na SitesWP e sou s\u00f3cio do sebo online de HQs Excelsior Comics (desenvolvido em <strong>WooCommerce<\/strong>).<\/p>\n<\/div>\t<\/div>\n\n<\/li><li class=\"wordcamp-post-list__post wordcamp-clearfix\">\n<div class=\"wordcamp-organizer wordcamp-organizers__post slug-daniel-lopez\">\n\t<h3 class=\"wordcamp-block__item-title wordcamp-organizers__title\" style=\"text-align:center\">Daniel Lop\u00e9z<\/h3>\n\t\t\t<div class=\"wordcamp-image__avatar-container align-left\">\n\t\t\t<img decoding=\"async\" src=\"https:\/\/secure.gravatar.com\/avatar\/10e426d1f6f0162c1b48a251b64853b5102075fae0cd56a5b7c05c016568acdf?s=200&amp;d=mm&amp;r=g\" alt=\"Avatar de Daniel Lop\u00e9z\" \/>\t\t<\/div>\n\t\n\t\t\t<div class=\"wordcamp-block__item-content wordcamp-organizers__content is-full\"><p>Sou programador e f\u00edsico. Trabalho com <strong>WordPress<\/strong> desde 2017 e atualmente atuo como desenvolvedor web numa empresa multinacional. Sou apaixonado por ci\u00eancia e por software livre.<\/p>\n<\/div>\t<\/div>\n\n<\/li><li class=\"wordcamp-post-list__post wordcamp-clearfix\">\n<div class=\"wordcamp-organizer wordcamp-organizers__post slug-debora-de-lucas\">\n\t<h3 class=\"wordcamp-block__item-title wordcamp-organizers__title\" style=\"text-align:center\">Debora de Lucas<\/h3>\n\t\t\t<div class=\"wordcamp-image__avatar-container align-left\">\n\t\t\t<img decoding=\"async\" src=\"https:\/\/secure.gravatar.com\/avatar\/ffd4832c2d2483cd74ad0e7936b740ff44e1b72169fb3791089ea8ef1ecd2d86?s=200&amp;d=mm&amp;r=g\" alt=\"Avatar de Debora de Lucas\" \/>\t\t<\/div>\n\t\n\t\t\t<div class=\"wordcamp-block__item-content wordcamp-organizers__content is-full\"><p>Sou Lead organizer do <strong>WordCamp S\u00e3o Paulo 2022<\/strong>. Sou editora s\u00eanior de conte\u00fado web e utilizo o\u00a0<strong>WordPress<\/strong>\u00a0desde 2011. <\/p>\n<\/div>\t<\/div>\n\n<\/li><li class=\"wordcamp-post-list__post wordcamp-clearfix\">\n<div class=\"wordcamp-organizer wordcamp-organizers__post slug-michel-luis-salome-de-barros\">\n\t<h3 class=\"wordcamp-block__item-title wordcamp-organizers__title\" style=\"text-align:center\">Michel Luis Salom\u00e9 de Barros<\/h3>\n\t\t\t<div class=\"wordcamp-image__avatar-container align-left\">\n\t\t\t<img decoding=\"async\" src=\"https:\/\/secure.gravatar.com\/avatar\/a05be2d80b79d1ebd0610e374c600f5cff7b1601c31cf2b1ac692adfd51fe192?s=200&amp;d=mm&amp;r=g\" alt=\"Avatar de Michel Luis Salom\u00e9 de Barros\" \/>\t\t<\/div>\n\t\n\t\t\t<div class=\"wordcamp-block__item-content wordcamp-organizers__content is-full\"><\/div>\t<\/div>\n\n<\/li><li class=\"wordcamp-post-list__post wordcamp-clearfix\">\n<div class=\"wordcamp-organizer wordcamp-organizers__post slug-michele\">\n\t<h3 class=\"wordcamp-block__item-title wordcamp-organizers__title\" style=\"text-align:center\">Michele<\/h3>\n\t\t\t<div class=\"wordcamp-image__avatar-container align-left\">\n\t\t\t<img loading=\"lazy\" decoding=\"async\" width=\"133\" height=\"200\" src=\"https:\/\/saopaulo.wordcamp.org\/2022\/files\/2022\/10\/Michele-19.jpg\" class=\"attachment-200x200 size-200x200 wp-post-image\" alt=\"Avatar de Michele\" srcset=\"https:\/\/saopaulo.wordcamp.org\/2022\/files\/2022\/10\/Michele-19.jpg 1333w, https:\/\/saopaulo.wordcamp.org\/2022\/files\/2022\/10\/Michele-19-200x300.jpg 200w, https:\/\/saopaulo.wordcamp.org\/2022\/files\/2022\/10\/Michele-19-682x1024.jpg 682w, https:\/\/saopaulo.wordcamp.org\/2022\/files\/2022\/10\/Michele-19-768x1152.jpg 768w, https:\/\/saopaulo.wordcamp.org\/2022\/files\/2022\/10\/Michele-19-1024x1536.jpg 1024w\" sizes=\"auto, (max-width: 133px) 100vw, 133px\" \/>\t\t<\/div>\n\t\n\t\t\t<div class=\"wordcamp-block__item-content wordcamp-organizers__content is-full\"><p>Sou Michele Doce, fundadora da VOCH Assessoria Digital, onde trabalhamos com <strong>WordPress<\/strong>, redes sociais, design e tr\u00e1fego pago <strong>desde 2018<\/strong>.<br \/>Sou apaixonada pelas <strong>inova\u00e7\u00f5es do digital<\/strong> e pelos encantos do <strong>Marketing<\/strong>.<br \/>Organizadora do <strong>WordCamp SP 2022<\/strong>.<\/p>\n<\/div>\t<\/div>\n\n<\/li><li class=\"wordcamp-post-list__post wordcamp-clearfix\">\n<div class=\"wordcamp-organizer wordcamp-organizers__post slug-patrick-pavanelli\">\n\t<h3 class=\"wordcamp-block__item-title wordcamp-organizers__title\" style=\"text-align:center\">Patrick Pavanelli<\/h3>\n\t\t\t<div class=\"wordcamp-image__avatar-container align-left\">\n\t\t\t<img decoding=\"async\" src=\"https:\/\/secure.gravatar.com\/avatar\/d1f52825760c9e2e0bc56bbca3f68bc293c4d17d0484cc5b3ef0f39ba1a52796?s=200&amp;d=mm&amp;r=g\" alt=\"Avatar de Patrick Pavanelli\" \/>\t\t<\/div>\n\t\n\t\t\t<div class=\"wordcamp-block__item-content wordcamp-organizers__content is-full\"><\/div>\t<\/div>\n\n<\/li><li class=\"wordcamp-post-list__post wordcamp-clearfix\">\n<div class=\"wordcamp-organizer wordcamp-organizers__post slug-thais-de-lima\">\n\t<h3 class=\"wordcamp-block__item-title wordcamp-organizers__title\" style=\"text-align:center\">Tha\u00eds de Lima<\/h3>\n\t\t\t<div class=\"wordcamp-image__avatar-container align-left\">\n\t\t\t<img decoding=\"async\" src=\"https:\/\/secure.gravatar.com\/avatar\/c1065452a8e1061e4850f1adf06d30eec9edd957ce27cf15a6e753e3de52a911?s=200&amp;d=mm&amp;r=g\" alt=\"Avatar de Tha\u00eds de Lima\" \/>\t\t<\/div>\n\t\n\t\t\t<div class=\"wordcamp-block__item-content wordcamp-organizers__content is-full\"><p>H\u00e1 mais de nove anos, atuo como analista de suporte e desenvolvedora web. Sou bacharel em An\u00e1lise de Sistema pela UNIBAN (Universidade Bandeirante de S\u00e3o Paulo). <\/p>\n<p>Utilizo o <strong>WordPress<\/strong> desde 2014 e sou fundadora da Inftek Tecnologia, empresa que engloba toda parte de suporte web e infraestrutura. <\/p>\n<p>Estou na comunidade <strong>WordPress<\/strong> desde 2016.<\/p><\/p>\n<\/div>\t<\/div>\n\n<\/li><\/ul>","protected":false},"excerpt":{"rendered":"","protected":false},"author":98905,"featured_media":0,"parent":0,"menu_order":0,"comment_status":"closed","ping_status":"closed","template":"","meta":{"jetpack_post_was_ever_published":false,"footnotes":""},"class_list":["post-185","page","type-page","status-publish","hentry"],"jetpack_sharing_enabled":true,"_links":{"self":[{"href":"https:\/\/saopaulo.wordcamp.org\/2022\/wp-json\/wp\/v2\/pages\/185","targetHints":{"allow":["GET"]}}],"collection":[{"href":"https:\/\/saopaulo.wordcamp.org\/2022\/wp-json\/wp\/v2\/pages"}],"about":[{"href":"https:\/\/saopaulo.wordcamp.org\/2022\/wp-json\/wp\/v2\/types\/page"}],"replies":[{"embeddable":true,"href":"https:\/\/saopaulo.wordcamp.org\/2022\/wp-json\/wp\/v2\/comments?post=185"}],"version-history":[{"count":4,"href":"https:\/\/saopaulo.wordcamp.org\/2022\/wp-json\/wp\/v2\/pages\/185\/revisions"}],"predecessor-version":[{"id":2835,"href":"https:\/\/saopaulo.wordcamp.org\/2022\/wp-json\/wp\/v2\/pages\/185\/revisions\/2835"}],"author":[{"embeddable":true,"href":"https:\/\/saopaulo.wordcamp.org\/2022\/wp-json\/wporg\/v1\/users\/alexkoti"}],"wp:attachment":[{"href":"https:\/\/saopaulo.wordcamp.org\/2022\/wp-json\/wp\/v2\/media?parent=185"}],"curies":[{"name":"wp","href":"https:\/\/api.w.org\/{rel}","templated":true}]}}