{"id":1936,"date":"2021-11-26T12:31:03","date_gmt":"2021-11-26T15:31:03","guid":{"rendered":"https:\/\/saopaulo.wordcamp.org\/2021\/?page_id=1936"},"modified":"2022-11-26T10:41:40","modified_gmt":"2022-11-26T13:41:40","slug":"trilha-b","status":"publish","type":"page","link":"https:\/\/saopaulo.wordcamp.org\/2022\/trilha-b\/","title":{"rendered":"Trilha B"},"content":{"rendered":"\n\n\n<div class=\"wp-block-columns is-layout-flex wp-container-core-columns-is-layout-28f84493 wp-block-columns-is-layout-flex\">\n<div class=\"wp-block-column is-layout-flow wp-block-column-is-layout-flow\" style=\"flex-basis:66.66%\"><\/div>\n\n\n\n<div class=\"wp-block-column is-layout-flow wp-block-column-is-layout-flow\" style=\"flex-basis:33.33%\"><\/div>\n<\/div>\n\n\n\n\n\n\n\n<figure class=\"wp-block-embed is-type-video is-provider-youtube wp-block-embed-youtube wp-embed-aspect-16-9 wp-has-aspect-ratio\"><div class=\"wp-block-embed__wrapper\">\n<span class=\"embed-youtube\" style=\"text-align:center; display: block;\"><iframe loading=\"lazy\" class=\"youtube-player\" width=\"640\" height=\"360\" src=\"https:\/\/www.youtube.com\/embed\/04p-Im1h0zU?version=3&#038;rel=1&#038;showsearch=0&#038;showinfo=1&#038;iv_load_policy=1&#038;fs=1&#038;hl=pt-BR&#038;autohide=2&#038;wmode=transparent\" allowfullscreen=\"true\" style=\"border:0;\" sandbox=\"allow-scripts allow-same-origin allow-popups allow-presentation allow-popups-to-escape-sandbox\"><\/iframe><\/span>\n<\/div><\/figure>\n\n\n\n<div class=\"wp-block-buttons is-layout-flex wp-block-buttons-is-layout-flex\">\n<div class=\"wp-block-button has-custom-width wp-block-button__width-100 has-custom-font-size is-style-outline has-small-font-size is-style-outline--1\"><a class=\"wp-block-button__link has-foreground-color has-text-color wp-element-button\" href=\"https:\/\/meet.jit.si\/wcsp-2022-trilha-b\" target=\"_blank\" rel=\"noreferrer noopener\"><strong>Trilha B | sala de reuni\u00e3o p\u00f3s-palestra:<\/strong>  https:\/\/meet.jit.si\/wcsp-2022-trilha-b<\/a><\/div>\n<\/div>\n\n\n<table class=\"wcpt-schedule\" border=\"0\"><thead><tr><th class=\"wcpt-col-time\">Hora<\/th><th class=\"wcpt-col-track\"> <span class=\"wcpt-track-name\">Trilha B<\/span> <span class=\"wcpt-track-description\"><\/span> <\/th><\/tr><\/thead><tbody><tr class=\"wcpt-time-1300 global-session abertura\"><td class=\"wcpt-time\">13:00<\/td><td colspan=\"1\" class=\"wcb-track-trilha-a wcb-track-trilha-b wcb-track-trilha-c wcb-track-trilha-d wcb-track-trilha-e wcpt-session-type-custom wcb-session-abertura\" data-track-title=\"Trilha A, Trilha B, Trilha C, Trilha D, Trilha E\" data-session-id=\"2696\"><div class=\"wcb-session-cell-content\"><span class=\"wcpt-session-title\">Abertura<\/span><\/div><\/td><\/tr><tr class=\"wcpt-time-1301 global-session etnomdia-indgena-sabia-que-os-povos-originrios-brasileiros-usam-o-wordpress-desde-2003\"><td class=\"wcpt-time\">13:01<\/td><td colspan=\"1\" class=\"wcb-speaker-anapuaka-muniz-tupinamba-hahahae wcb-track-trilha-a wcb-track-trilha-b wcb-track-trilha-c wcb-track-trilha-d wcb-track-trilha-e wcb-session-category-comunidade wcpt-session-type-session wcb-session-etnomidia-indigena-sabia-que-os-povos-originarios-brasileiros-usam-o-wordpress-desde-2003\" data-track-title=\"Trilha A, Trilha B, Trilha C, Trilha D, Trilha E\" data-session-id=\"2623\"><div class=\"wcb-session-cell-content\"><a class=\"wcpt-session-title\" href=\"https:\/\/saopaulo.wordcamp.org\/2022\/session\/etnomidia-indigena-sabia-que-os-povos-originarios-brasileiros-usam-o-wordpress-desde-2003\/\"><strong>Etnom\u00eddia ind\u00edgena: sabia que os povos origin\u00e1rios brasileiros usam o WordPress desde 2003?<\/strong><\/a> <span class=\"wcpt-session-speakers\"><a href=\"https:\/\/saopaulo.wordcamp.org\/2022\/speaker\/anapuaka-muniz-tupinamba-hahahae\/\">An\u00e1pu\u00e0ka Muniz Tupinamb\u00e1 H\u00e3h\u00e3h\u00e3e<\/a><\/span><\/div><div class=\"wcb-session-favourite-icon\"><a href=\"#\" role=\"button\" class=\"fav-session-button\" aria-pressed=\"false\"><span class=\"screen-reader-text\">Palestra favorita: <strong>Etnom\u00eddia ind\u00edgena: sabia que os povos origin\u00e1rios brasileiros usam o WordPress desde 2003?<\/strong><\/span><span class=\"dashicons dashicons-star-filled\"><\/span><\/a><\/div><\/td><\/tr><tr class=\"wcpt-time-1325 global-session intervalo\"><td class=\"wcpt-time\">13:25<\/td><td colspan=\"1\" class=\"wcb-track-trilha-a wcb-track-trilha-b wcb-track-trilha-c wcb-track-trilha-d wcb-track-trilha-e wcpt-session-type-custom wcb-session-intervalo-2\" data-track-title=\"Trilha A, Trilha B, Trilha C, Trilha D, Trilha E\" data-session-id=\"2725\"><div class=\"wcb-session-cell-content\"><span class=\"wcpt-session-title\">Intervalo<\/span><\/div><\/td><\/tr><tr class=\"wcpt-time-1330 global-session inbound-marketing-na-prtica-com-wordpress\"><td class=\"wcpt-time\">13:30<\/td><td colspan=\"1\" class=\"wcb-speaker-sandra-peres wcb-track-trilha-b wcb-session-category-conteudo wcpt-session-type-session wcb-session-inbound-marketing-na-pratica-com-wordpress\" data-track-title=\"Trilha B\" data-session-id=\"2636\"><div class=\"wcb-session-cell-content\"><a class=\"wcpt-session-title\" href=\"https:\/\/saopaulo.wordcamp.org\/2022\/session\/inbound-marketing-na-pratica-com-wordpress\/\"><strong>Inbound Marketing na Pr\u00e1tica com WordPress<\/strong><\/a> <span class=\"wcpt-session-speakers\"><a href=\"https:\/\/saopaulo.wordcamp.org\/2022\/speaker\/sandra-peres\/\">Sandra Peres<\/a><\/span><\/div><div class=\"wcb-session-favourite-icon\"><a href=\"#\" role=\"button\" class=\"fav-session-button\" aria-pressed=\"false\"><span class=\"screen-reader-text\">Palestra favorita: <strong>Inbound Marketing na Pr\u00e1tica com WordPress<\/strong><\/span><span class=\"dashicons dashicons-star-filled\"><\/span><\/a><\/div><\/td><\/tr><tr class=\"wcpt-time-1355 global-session intervalo\"><td class=\"wcpt-time\">13:55<\/td><td colspan=\"1\" class=\"wcb-track-trilha-a wcb-track-trilha-b wcb-track-trilha-c wcb-track-trilha-d wcb-track-trilha-e wcpt-session-type-custom wcb-session-intervalo\" data-track-title=\"Trilha A, Trilha B, Trilha C, Trilha D, Trilha E\" data-session-id=\"2704\"><div class=\"wcb-session-cell-content\"><span class=\"wcpt-session-title\">Intervalo<\/span><\/div><\/td><\/tr><tr class=\"wcpt-time-1400 global-session o-impacto-da-lei-geral-de-proteo-de-dados-pessoais-lgpd-no-marketing-digital\"><td class=\"wcpt-time\">14:00<\/td><td colspan=\"1\" class=\"wcb-speaker-rafael-moraes-da-silva wcb-track-trilha-b wcb-session-category-comunidade wcpt-session-type-session wcb-session-o-impacto-da-lei-geral-de-protecao-de-dados-pessoais-lgpd-no-marketing-digital\" data-track-title=\"Trilha B\" data-session-id=\"2640\"><div class=\"wcb-session-cell-content\"><a class=\"wcpt-session-title\" href=\"https:\/\/saopaulo.wordcamp.org\/2022\/session\/o-impacto-da-lei-geral-de-protecao-de-dados-pessoais-lgpd-no-marketing-digital\/\"><strong>O impacto da Lei Geral de Prote\u00e7\u00e3o de Dados Pessoais (LGPD) no Marketing Digital<\/strong><\/a> <span class=\"wcpt-session-speakers\"><a href=\"https:\/\/saopaulo.wordcamp.org\/2022\/speaker\/rafael-moraes-da-silva\/\">Rafael Moraes da Silva<\/a><\/span><\/div><div class=\"wcb-session-favourite-icon\"><a href=\"#\" role=\"button\" class=\"fav-session-button\" aria-pressed=\"false\"><span class=\"screen-reader-text\">Palestra favorita: <strong>O impacto da Lei Geral de Prote\u00e7\u00e3o de Dados Pessoais (LGPD) no Marketing Digital<\/strong><\/span><span class=\"dashicons dashicons-star-filled\"><\/span><\/a><\/div><\/td><\/tr><tr class=\"wcpt-time-1425 global-session intervalo\"><td class=\"wcpt-time\">14:25<\/td><td colspan=\"1\" class=\"wcb-track-trilha-a wcb-track-trilha-b wcb-track-trilha-c wcb-track-trilha-d wcb-track-trilha-e wcpt-session-type-custom wcb-session-intervalo-3\" data-track-title=\"Trilha A, Trilha B, Trilha C, Trilha D, Trilha E\" data-session-id=\"2742\"><div class=\"wcb-session-cell-content\"><span class=\"wcpt-session-title\">Intervalo<\/span><\/div><\/td><\/tr><tr class=\"wcpt-time-1430 global-session utilizando-docker-para-agilizar-seu-desenvolvimento-wordpress\"><td class=\"wcpt-time\">14:30<\/td><td colspan=\"1\" class=\"wcb-speaker-bruno-antunes-magrini wcb-track-trilha-b wcb-session-category-desenvolvimento-programacao wcpt-session-type-session wcb-session-utilizando-docker-para-agilizar-seu-desenvolvimento-wordpress\" data-track-title=\"Trilha B\" data-session-id=\"2642\"><div class=\"wcb-session-cell-content\"><a class=\"wcpt-session-title\" href=\"https:\/\/saopaulo.wordcamp.org\/2022\/session\/utilizando-docker-para-agilizar-seu-desenvolvimento-wordpress\/\"><strong>Utilizando Docker para agilizar seu desenvolvimento WordPress<\/strong><\/a> <span class=\"wcpt-session-speakers\"><a href=\"https:\/\/saopaulo.wordcamp.org\/2022\/speaker\/bruno-antunes-magrini\/\">Bruno Antunes Magrini<\/a><\/span><\/div><div class=\"wcb-session-favourite-icon\"><a href=\"#\" role=\"button\" class=\"fav-session-button\" aria-pressed=\"false\"><span class=\"screen-reader-text\">Palestra favorita: <strong>Utilizando Docker para agilizar seu desenvolvimento WordPress<\/strong><\/span><span class=\"dashicons dashicons-star-filled\"><\/span><\/a><\/div><\/td><\/tr><tr class=\"wcpt-time-1455 global-session intervalo\"><td class=\"wcpt-time\">14:55<\/td><td colspan=\"1\" class=\"wcb-track-trilha-a wcb-track-trilha-b wcb-track-trilha-c wcb-track-trilha-d wcb-track-trilha-e wcpt-session-type-custom wcb-session-intervalo-4\" data-track-title=\"Trilha A, Trilha B, Trilha C, Trilha D, Trilha E\" data-session-id=\"2748\"><div class=\"wcb-session-cell-content\"><span class=\"wcpt-session-title\">Intervalo<\/span><\/div><\/td><\/tr><tr class=\"wcpt-time-1500 global-session metodologia-de-vendas-aumente-o-faturamento-e-atenda-novos-clientes\"><td class=\"wcpt-time\">15:00<\/td><td colspan=\"1\" class=\"wcb-speaker-helio-alexandrino-dos-santos wcb-track-trilha-b wcb-session-category-negocios wcpt-session-type-session wcb-session-metodologia-de-vendas-aumente-o-faturamento-e-atenda-novos-clientes\" data-track-title=\"Trilha B\" data-session-id=\"2645\"><div class=\"wcb-session-cell-content\"><a class=\"wcpt-session-title\" href=\"https:\/\/saopaulo.wordcamp.org\/2022\/session\/metodologia-de-vendas-aumente-o-faturamento-e-atenda-novos-clientes\/\"><strong>Metodologia de vendas: aumente o faturamento e atenda novos clientes<\/strong><\/a> <span class=\"wcpt-session-speakers\"><a href=\"https:\/\/saopaulo.wordcamp.org\/2022\/speaker\/helio-alexandrino-dos-santos\/\">H\u00e9lio Alexandrino dos Santos<\/a><\/span><\/div><div class=\"wcb-session-favourite-icon\"><a href=\"#\" role=\"button\" class=\"fav-session-button\" aria-pressed=\"false\"><span class=\"screen-reader-text\">Palestra favorita: <strong>Metodologia de vendas: aumente o faturamento e atenda novos clientes<\/strong><\/span><span class=\"dashicons dashicons-star-filled\"><\/span><\/a><\/div><\/td><\/tr><tr class=\"wcpt-time-1525 global-session intervalo\"><td class=\"wcpt-time\">15:25<\/td><td colspan=\"1\" class=\"wcb-track-trilha-a wcb-track-trilha-b wcb-track-trilha-c wcb-track-trilha-d wcb-track-trilha-e wcpt-session-type-custom wcb-session-intervalo-5\" data-track-title=\"Trilha A, Trilha B, Trilha C, Trilha D, Trilha E\" data-session-id=\"2754\"><div class=\"wcb-session-cell-content\"><span class=\"wcpt-session-title\">Intervalo<\/span><\/div><\/td><\/tr><tr class=\"wcpt-time-1530 global-session curadoria-para-agentes-virtuais\"><td class=\"wcpt-time\">15:30<\/td><td colspan=\"1\" class=\"wcb-speaker-tatiane-silva-de-paula wcb-track-trilha-b wcb-session-category-conteudo wcpt-session-type-session wcb-session-curadoria-para-agentes-virtuais\" data-track-title=\"Trilha B\" data-session-id=\"2649\"><div class=\"wcb-session-cell-content\"><a class=\"wcpt-session-title\" href=\"https:\/\/saopaulo.wordcamp.org\/2022\/session\/curadoria-para-agentes-virtuais\/\"><strong>Curadoria para agentes virtuais<\/strong><\/a> <span class=\"wcpt-session-speakers\"><a href=\"https:\/\/saopaulo.wordcamp.org\/2022\/speaker\/tatiane-silva-de-paula\/\">Tatiane Silva de Paula<\/a><\/span><\/div><div class=\"wcb-session-favourite-icon\"><a href=\"#\" role=\"button\" class=\"fav-session-button\" aria-pressed=\"false\"><span class=\"screen-reader-text\">Palestra favorita: <strong>Curadoria para agentes virtuais<\/strong><\/span><span class=\"dashicons dashicons-star-filled\"><\/span><\/a><\/div><\/td><\/tr><tr class=\"wcpt-time-1555 global-session intervalo\"><td class=\"wcpt-time\">15:55<\/td><td colspan=\"1\" class=\"wcb-track-trilha-a wcb-track-trilha-b wcb-track-trilha-c wcb-track-trilha-d wcb-track-trilha-e wcpt-session-type-custom wcb-session-intervalo-6\" data-track-title=\"Trilha A, Trilha B, Trilha C, Trilha D, Trilha E\" data-session-id=\"2760\"><div class=\"wcb-session-cell-content\"><span class=\"wcpt-session-title\">Intervalo<\/span><\/div><\/td><\/tr><tr class=\"wcpt-time-1600 global-session encerramento\"><td class=\"wcpt-time\">16:00<\/td><td colspan=\"1\" class=\"wcb-track-trilha-a wcb-track-trilha-b wcb-track-trilha-c wcb-track-trilha-d wcb-track-trilha-e wcpt-session-type-custom wcb-session-encerramento\" data-track-title=\"Trilha A, Trilha B, Trilha C, Trilha D, Trilha E\" data-session-id=\"2701\"><div class=\"wcb-session-cell-content\"><span class=\"wcpt-session-title\">Encerramento<\/span><\/div><\/td><\/tr><\/tbody><\/table>\n\t<div class=\"email-form fav-session-email-form-hide\">\n\t\t<!-- Tab links -->\n\t\t<div class=\"fav-session-share-tab\">\n\t\t\t\t\t\t\t<div class=\"fav-session-tablinks\" id=\"fav-session-btn-email\">\n\t\t\t\t\tE-mail\t\t\t\t<\/div>\n\t\t\t\n\t\t\t<div class=\"fav-session-tablinks\" id=\"fav-session-btn-link\">\n\t\t\t\tLink\t\t\t<\/div>\n\n\t\t\t<div class=\"fav-session-tablinks\" id=\"fav-session-btn-print\">\n\t\t\t\tImprimir\t\t\t<\/div>\n\t\t<\/div>\n\n\t\t<!-- Tab content -->\n\t\t\t\t\t<div id=\"fav-session-tab-email\" class=\"fav-session-share-tabcontent\">\n\t\t\t\t<div id=\"fav-session-email-form\">\n\t\t\t\t\tEnvie-me minhas sess\u00f5es favoritas:\n\t\t\t\t\t<form id=\"fav-sessions-form\">\n\t\t\t\t\t\t<input\n\t\t\t\t\t\t\ttype=\"text\"\n\t\t\t\t\t\t\tname=\"email_address\"\n\t\t\t\t\t\t\tid=\"fav-sessions-email-address\"\n\t\t\t\t\t\t\tplaceholder=\"me@protonmail.com\"\n\t\t\t\t\t\t\/>\n\t\t\t\t\t\t<input type=\"submit\" value=\"Enviar\" \/>\n\t\t\t\t\t<\/form>\n\t\t\t\t<\/div>\n\n\t\t\t\t<div class=\"fav-session-email-wait-spinner\"><\/div>\n\t\t\t\t<div class=\"fav-session-email-result\"><\/div>\n\t\t\t<\/div>\n\t\t\n\t\t<div id=\"fav-session-tab-link\" class=\"fav-session-share-tabcontent\">\n\t\t\tLink compartilh\u00e1vel:\t\t\t<br \/>\n\t\t\t<a id=\"fav-sessions-link\" href=\"\"><\/a>\n\t\t<\/div>\n\n\t\t<div id=\"fav-session-tab-print\" class=\"fav-session-share-tabcontent\">\n\t\t\t<button id=\"fav-session-print\">\n\t\t\t\tImprimir sess\u00f5es favoritas\t\t\t<\/button>\n\t\t<\/div>\n\t<\/div>\n\n\t<a class=\"show-email-form\" href=\"javascript:\">\n\t\t<span class=\"dashicons dashicons-star-filled\"><\/span>\n\t\t<span class=\"dashicons dashicons-email-alt\"><\/span>\n\t<\/a>\n\n\t\n\n\n\n<div class=\"wp-block-group is-layout-constrained wp-block-group-is-layout-constrained\">\n<div class=\"wp-block-group is-layout-constrained wp-block-group-is-layout-constrained\">\n<div class=\"wp-block-buttons is-layout-flex wp-block-buttons-is-layout-flex\">\n<div class=\"wp-block-button has-custom-width wp-block-button__width-100 is-style-outline is-style-outline--2\"><a class=\"wp-block-button__link has-foreground-color has-text-color wp-element-button\" href=\"https:\/\/saopaulo.wordcamp.org\/2022\/trilha-a\/\" target=\"_blank\" rel=\"noreferrer noopener \"><strong>LINK PARA TRILHA A<\/strong><\/a><\/div>\n\n\n\n<div class=\"wp-block-button has-custom-width wp-block-button__width-100 is-style-outline is-style-outline--3\"><a class=\"wp-block-button__link has-foreground-color has-text-color wp-element-button\" href=\"https:\/\/saopaulo.wordcamp.org\/2022\/trilha-c\/\" target=\"_blank\" rel=\"noreferrer noopener \"><strong>LINK PARA TRILHA C<\/strong><\/a><\/div>\n\n\n\n<div class=\"wp-block-button has-custom-width wp-block-button__width-100 is-style-outline is-style-outline--4\"><a class=\"wp-block-button__link has-foreground-color has-text-color wp-element-button\" href=\"https:\/\/saopaulo.wordcamp.org\/2022\/trilha-d\/\" target=\"_blank\" rel=\"noreferrer noopener \"><strong>LINK PARA TRILHA D<\/strong><\/a><\/div>\n\n\n\n<div class=\"wp-block-button has-custom-width wp-block-button__width-100 is-style-outline is-style-outline--5\"><a class=\"wp-block-button__link has-foreground-color has-text-color wp-element-button\" href=\"https:\/\/saopaulo.wordcamp.org\/2022\/trilha-e\/\" target=\"_blank\" rel=\"noreferrer noopener \"><strong>LINK PARA TRILHA E<\/strong><\/a><\/div>\n<\/div>\n<\/div>\n<\/div>\n","protected":false},"excerpt":{"rendered":"","protected":false},"author":98905,"featured_media":0,"parent":0,"menu_order":0,"comment_status":"closed","ping_status":"closed","template":"","meta":{"jetpack_post_was_ever_published":false,"footnotes":""},"class_list":["post-1936","page","type-page","status-publish","hentry"],"jetpack_sharing_enabled":true,"_links":{"self":[{"href":"https:\/\/saopaulo.wordcamp.org\/2022\/wp-json\/wp\/v2\/pages\/1936","targetHints":{"allow":["GET"]}}],"collection":[{"href":"https:\/\/saopaulo.wordcamp.org\/2022\/wp-json\/wp\/v2\/pages"}],"about":[{"href":"https:\/\/saopaulo.wordcamp.org\/2022\/wp-json\/wp\/v2\/types\/page"}],"replies":[{"embeddable":true,"href":"https:\/\/saopaulo.wordcamp.org\/2022\/wp-json\/wp\/v2\/comments?post=1936"}],"version-history":[{"count":6,"href":"https:\/\/saopaulo.wordcamp.org\/2022\/wp-json\/wp\/v2\/pages\/1936\/revisions"}],"predecessor-version":[{"id":3721,"href":"https:\/\/saopaulo.wordcamp.org\/2022\/wp-json\/wp\/v2\/pages\/1936\/revisions\/3721"}],"author":[{"embeddable":true,"href":"https:\/\/saopaulo.wordcamp.org\/2022\/wp-json\/wporg\/v1\/users\/alexkoti"}],"wp:attachment":[{"href":"https:\/\/saopaulo.wordcamp.org\/2022\/wp-json\/wp\/v2\/media?parent=1936"}],"curies":[{"name":"wp","href":"https:\/\/api.w.org\/{rel}","templated":true}]}}