{"id":198,"date":"2021-09-07T13:18:15","date_gmt":"2021-09-07T16:18:15","guid":{"rendered":"https:\/\/saopaulo.wordcamp.org\/2021\/?page_id=172"},"modified":"2021-09-07T13:18:15","modified_gmt":"2021-09-07T16:18:15","slug":"politica-de-privacidade","status":"publish","type":"page","link":"https:\/\/saopaulo.wordcamp.org\/2022\/politica-de-privacidade\/","title":{"rendered":"Pol\u00edtica de privacidade"},"content":{"rendered":"\n<p>Informa\u00e7\u00f5es e dados pessoais fornecidos \u00e0 organiza\u00e7\u00e3o do WordCamp S\u00e3o Paulo 2021 \u2013 cuja veracidade e exatid\u00e3o s\u00e3o de total responsabilidade do inscrito \u2013 ser\u00e3o coletados e guardados em conformidade com padr\u00f5es r\u00edgidos de confidencialidade e de seguran\u00e7a, e utilizados para as seguintes finalidades:<\/p>\n\n\n\n<ul class=\"wp-block-list\"><li>comunicar o inscrito a respeito de novos produtos, promo\u00e7\u00f5es e not\u00edcias relacionadas ao evento;<\/li><li>manter atualizados os cadastros dos inscritos para fins de contato;<\/li><li>elaborar estat\u00edsticas gerais, sem que haja identifica\u00e7\u00e3o dos inscritos;<\/li><li>responder \u00e0s d\u00favidas e solicita\u00e7\u00f5es dos inscritos no evento.<\/li><\/ul>\n\n\n\n<p>O acesso \u00e0s informa\u00e7\u00f5es recebidas \u00e9 restrito apenas aos integrantes da organiza\u00e7\u00e3o do WordCamp S\u00e3o Paulo 2021, autorizados para o uso adequado dessas informa\u00e7\u00f5es. Se o inscrito desejar que seu cadastro seja exclu\u00eddo, ele poder\u00e1 solicitar a exclus\u00e3o a qualquer momento, o que ser\u00e1 feito imediatamente. Feita tal exclus\u00e3o, seu cadastro ser\u00e1 desativado da base de dados do WordCamp S\u00e3o Paulo 2021.<\/p>\n\n\n\n<p>A organiza\u00e7\u00e3o do WordCamp S\u00e3o Paulo 2019 n\u00e3o vender\u00e1 ou alugar\u00e1 quaisquer dados pessoais dos usu\u00e1rios cadastrados a quaisquer terceiros.<\/p>\n","protected":false},"excerpt":{"rendered":"<p>Informa\u00e7\u00f5es e dados pessoais fornecidos \u00e0 organiza\u00e7\u00e3o do WordCamp S\u00e3o Paulo 2021 \u2013 cuja veracidade e exatid\u00e3o s\u00e3o de total responsabilidade do inscrito \u2013 ser\u00e3o coletados e guardados em conformidade com padr\u00f5es r\u00edgidos de confidencialidade e de seguran\u00e7a, e utilizados para as seguintes finalidades: comunicar o inscrito a respeito de novos produtos, promo\u00e7\u00f5es e not\u00edcias [&hellip;]<\/p>\n","protected":false},"author":98905,"featured_media":0,"parent":0,"menu_order":0,"comment_status":"closed","ping_status":"closed","template":"","meta":{"jetpack_post_was_ever_published":false,"footnotes":""},"class_list":["post-198","page","type-page","status-publish","hentry"],"jetpack_sharing_enabled":true,"_links":{"self":[{"href":"https:\/\/saopaulo.wordcamp.org\/2022\/wp-json\/wp\/v2\/pages\/198","targetHints":{"allow":["GET"]}}],"collection":[{"href":"https:\/\/saopaulo.wordcamp.org\/2022\/wp-json\/wp\/v2\/pages"}],"about":[{"href":"https:\/\/saopaulo.wordcamp.org\/2022\/wp-json\/wp\/v2\/types\/page"}],"replies":[{"embeddable":true,"href":"https:\/\/saopaulo.wordcamp.org\/2022\/wp-json\/wp\/v2\/comments?post=198"}],"version-history":[{"count":0,"href":"https:\/\/saopaulo.wordcamp.org\/2022\/wp-json\/wp\/v2\/pages\/198\/revisions"}],"author":[{"embeddable":true,"href":"https:\/\/saopaulo.wordcamp.org\/2022\/wp-json\/wporg\/v1\/users\/alexkoti"}],"wp:attachment":[{"href":"https:\/\/saopaulo.wordcamp.org\/2022\/wp-json\/wp\/v2\/media?parent=198"}],"curies":[{"name":"wp","href":"https:\/\/api.w.org\/{rel}","templated":true}]}}