{"id":228,"date":"2021-09-07T15:12:21","date_gmt":"2021-09-07T18:12:21","guid":{"rendered":"https:\/\/saopaulo.wordcamp.org\/2021\/?page_id=228"},"modified":"2022-12-04T13:53:52","modified_gmt":"2022-12-04T16:53:52","slug":"home","status":"publish","type":"page","link":"https:\/\/saopaulo.wordcamp.org\/2022\/","title":{"rendered":""},"content":{"rendered":"\n<h2 class=\"alignwide has-text-align-center has-foreground-color has-text-color wp-block-heading\"><strong>WordCamp S\u00e3o Paulo 2022<\/strong><br>26 de novembro, s\u00e1bado, das 13h \u00e0s 16h15, online e gratuito<\/h2>\n\n\n\n<div class=\"wp-block-buttons is-layout-flex wp-block-buttons-is-layout-flex\">\n<div class=\"wp-block-button aligncenter is-style-outline is-style-outline--1\"><a class=\"wp-block-button__link wp-element-button\" href=\"https:\/\/bit.ly\/3EZliYg\" target=\"_blank\" rel=\"noreferrer noopener\"><strong>Retire o seu certificado!<\/strong><\/a><\/div>\n<\/div>\n\n\n\n<hr class=\"wp-block-separator has-alpha-channel-opacity\" \/>\n\n\n\n<figure class=\"wp-block-embed is-type-video is-provider-youtube wp-block-embed-youtube wp-embed-aspect-16-9 wp-has-aspect-ratio\"><div class=\"wp-block-embed__wrapper\">\n<span class=\"embed-youtube\" style=\"text-align:center; display: block;\"><iframe loading=\"lazy\" class=\"youtube-player\" width=\"640\" height=\"360\" src=\"https:\/\/www.youtube.com\/embed\/scpc5z5hGQQ?version=3&#038;rel=1&#038;showsearch=0&#038;showinfo=1&#038;iv_load_policy=1&#038;fs=1&#038;hl=pt-BR&#038;autohide=2&#038;wmode=transparent\" allowfullscreen=\"true\" style=\"border:0;\" sandbox=\"allow-scripts allow-same-origin allow-popups allow-presentation allow-popups-to-escape-sandbox\"><\/iframe><\/span>\n<\/div><\/figure>\n\n\n\n<div class=\"wp-block-buttons is-layout-flex wp-block-buttons-is-layout-flex\">\n<div class=\"wp-block-button has-custom-width wp-block-button__width-100 has-custom-font-size is-style-outline has-small-font-size is-style-outline--2\"><a class=\"wp-block-button__link has-vivid-purple-color has-text-color wp-element-button\" href=\"https:\/\/meet.jit.si\/wcsp-2022-trilha-a\" target=\"_blank\" rel=\"noreferrer noopener\"><strong>Trilha A | sala de reuni\u00e3o p\u00f3s-palestra:<\/strong> https:\/\/meet.jit.si\/wcsp-2022-trilha-a<\/a><\/div>\n<\/div>\n\n\n\n<hr class=\"wp-block-separator has-alpha-channel-opacity is-style-wide\" \/>\n\n\n\n<figure class=\"wp-block-embed is-type-video is-provider-youtube wp-block-embed-youtube wp-embed-aspect-16-9 wp-has-aspect-ratio\"><div class=\"wp-block-embed__wrapper\">\n<span class=\"embed-youtube\" style=\"text-align:center; display: block;\"><iframe loading=\"lazy\" class=\"youtube-player\" width=\"640\" height=\"360\" src=\"https:\/\/www.youtube.com\/embed\/04p-Im1h0zU?version=3&#038;rel=1&#038;showsearch=0&#038;showinfo=1&#038;iv_load_policy=1&#038;fs=1&#038;hl=pt-BR&#038;autohide=2&#038;wmode=transparent\" allowfullscreen=\"true\" style=\"border:0;\" sandbox=\"allow-scripts allow-same-origin allow-popups allow-presentation allow-popups-to-escape-sandbox\"><\/iframe><\/span>\n<\/div><\/figure>\n\n\n\n<div class=\"wp-block-buttons is-layout-flex wp-block-buttons-is-layout-flex\">\n<div class=\"wp-block-button has-custom-width wp-block-button__width-100 has-custom-font-size is-style-outline has-small-font-size is-style-outline--3\"><a class=\"wp-block-button__link has-vivid-purple-color has-text-color wp-element-button\" href=\"https:\/\/meet.jit.si\/wcsp-2022-trilha-b\" target=\"_blank\" rel=\"noreferrer noopener\"><strong><strong>Trilha B | sala de reuni\u00e3o p\u00f3s-palestra:<\/strong>  <\/strong>https:\/\/meet.jit.si\/wcsp-2022-trilha-b<\/a><\/div>\n<\/div>\n\n\n\n<hr class=\"wp-block-separator has-alpha-channel-opacity is-style-wide\" \/>\n\n\n\n<figure class=\"wp-block-embed is-type-video is-provider-youtube wp-block-embed-youtube wp-embed-aspect-16-9 wp-has-aspect-ratio\"><div class=\"wp-block-embed__wrapper\">\n<span class=\"embed-youtube\" style=\"text-align:center; display: block;\"><iframe loading=\"lazy\" class=\"youtube-player\" width=\"640\" height=\"360\" src=\"https:\/\/www.youtube.com\/embed\/XbbRLKZ_z5k?version=3&#038;rel=1&#038;showsearch=0&#038;showinfo=1&#038;iv_load_policy=1&#038;fs=1&#038;hl=pt-BR&#038;autohide=2&#038;wmode=transparent\" allowfullscreen=\"true\" style=\"border:0;\" sandbox=\"allow-scripts allow-same-origin allow-popups allow-presentation allow-popups-to-escape-sandbox\"><\/iframe><\/span>\n<\/div><\/figure>\n\n\n\n<div class=\"wp-block-buttons is-layout-flex wp-block-buttons-is-layout-flex\">\n<div class=\"wp-block-button has-custom-width wp-block-button__width-100 has-custom-font-size is-style-outline has-small-font-size is-style-outline--4\"><a class=\"wp-block-button__link has-vivid-purple-color has-text-color wp-element-button\" href=\"https:\/\/meet.jit.si\/wcsp-2022-trilha-c\" target=\"_blank\" rel=\"noreferrer noopener\"><strong><strong>Trilha C | sala de reuni\u00e3o p\u00f3s-palestra:  <\/strong><\/strong>https:\/\/meet.jit.si\/wcsp-2022-trilha-c<\/a><\/div>\n<\/div>\n\n\n\n<hr class=\"wp-block-separator has-alpha-channel-opacity is-style-wide\" \/>\n\n\n\n<figure class=\"wp-block-embed is-type-video is-provider-youtube wp-block-embed-youtube wp-embed-aspect-16-9 wp-has-aspect-ratio\"><div class=\"wp-block-embed__wrapper\">\n<span class=\"embed-youtube\" style=\"text-align:center; display: block;\"><iframe loading=\"lazy\" class=\"youtube-player\" width=\"640\" height=\"360\" src=\"https:\/\/www.youtube.com\/embed\/kgu2TEqOy5s?version=3&#038;rel=1&#038;showsearch=0&#038;showinfo=1&#038;iv_load_policy=1&#038;fs=1&#038;hl=pt-BR&#038;autohide=2&#038;wmode=transparent\" allowfullscreen=\"true\" style=\"border:0;\" sandbox=\"allow-scripts allow-same-origin allow-popups allow-presentation allow-popups-to-escape-sandbox\"><\/iframe><\/span>\n<\/div><\/figure>\n\n\n\n<div class=\"wp-block-buttons is-layout-flex wp-block-buttons-is-layout-flex\">\n<div class=\"wp-block-button has-custom-width wp-block-button__width-100 has-custom-font-size is-style-outline has-small-font-size is-style-outline--5\"><a class=\"wp-block-button__link has-vivid-purple-color has-text-color wp-element-button\" href=\"https:\/\/meet.jit.si\/wcsp-2022-trilha-d\" target=\"_blank\" rel=\"noreferrer noopener\"><strong>Trilha D | sala de reuni\u00e3o p\u00f3s-palestra: <\/strong>https:\/\/meet.jit.si\/wcsp-2022-trilha-d<\/a><\/div>\n<\/div>\n\n\n\n<hr class=\"wp-block-separator has-alpha-channel-opacity is-style-wide\" \/>\n\n\n\n<figure class=\"wp-block-embed is-type-video is-provider-youtube wp-block-embed-youtube wp-embed-aspect-16-9 wp-has-aspect-ratio\"><div class=\"wp-block-embed__wrapper\">\n<span class=\"embed-youtube\" style=\"text-align:center; display: block;\"><iframe loading=\"lazy\" class=\"youtube-player\" width=\"640\" height=\"360\" src=\"https:\/\/www.youtube.com\/embed\/QAJqxMsKMvI?version=3&#038;rel=1&#038;showsearch=0&#038;showinfo=1&#038;iv_load_policy=1&#038;fs=1&#038;hl=pt-BR&#038;autohide=2&#038;wmode=transparent\" allowfullscreen=\"true\" style=\"border:0;\" sandbox=\"allow-scripts allow-same-origin allow-popups allow-presentation allow-popups-to-escape-sandbox\"><\/iframe><\/span>\n<\/div><\/figure>\n\n\n\n<div class=\"wp-block-buttons is-layout-flex wp-block-buttons-is-layout-flex\">\n<div class=\"wp-block-button has-custom-width wp-block-button__width-100 has-custom-font-size is-style-outline has-small-font-size is-style-outline--6\"><a class=\"wp-block-button__link has-vivid-purple-color has-text-color wp-element-button\" href=\"https:\/\/meet.jit.si\/wcsp-2022-trilha-e\" target=\"_blank\" rel=\"noreferrer noopener\"><strong>Trilha E | sala de reuni\u00e3o p\u00f3s-palestra:  <\/strong>https:\/\/meet.jit.si\/wcsp-2022-trilha-e<\/a><\/div>\n<\/div>\n\n\n\n<div style=\"height:30px\" aria-hidden=\"true\" class=\"wp-block-spacer\"><\/div>\n\n\n\n<hr class=\"wp-block-separator has-alpha-channel-opacity is-style-wide\" \/>\n\n\n\n<p class=\"has-text-align-center has-x-large-font-size wp-block-paragraph\">Patrocinadores<\/p>\n\n\n\n<div class=\"wp-block-jetpack-slideshow aligncenter is-style-rectangular\" data-autoplay=\"true\" data-delay=\"2\" data-effect=\"fade\"><div class=\"wp-block-jetpack-slideshow_container swiper-container\"><ul class=\"wp-block-jetpack-slideshow_swiper-wrapper swiper-wrapper\"><li class=\"wp-block-jetpack-slideshow_slide swiper-slide\"><figure><img loading=\"lazy\" decoding=\"async\" width=\"300\" height=\"39\" alt=\"\" class=\"wp-block-jetpack-slideshow_image wp-image-1136\" data-id=\"1136\" src=\"https:\/\/saopaulo.wordcamp.org\/2022\/files\/2021\/10\/kangaroo_host-300x39.png\" srcset=\"https:\/\/saopaulo.wordcamp.org\/2022\/files\/2021\/10\/kangaroo_host-300x39.png 300w, https:\/\/saopaulo.wordcamp.org\/2022\/files\/2021\/10\/kangaroo_host-1024x132.png 1024w, https:\/\/saopaulo.wordcamp.org\/2022\/files\/2021\/10\/kangaroo_host-768x99.png 768w, https:\/\/saopaulo.wordcamp.org\/2022\/files\/2021\/10\/kangaroo_host-500x65.png 500w, https:\/\/saopaulo.wordcamp.org\/2022\/files\/2021\/10\/kangaroo_host-1536x198.png 1536w, https:\/\/saopaulo.wordcamp.org\/2022\/files\/2021\/10\/kangaroo_host-2048x265.png 2048w, https:\/\/saopaulo.wordcamp.org\/2022\/files\/2021\/10\/kangaroo_host-1000x129.png 1000w\" sizes=\"(max-width: 300px) 100vw, 300px\" \/><\/figure><\/li><li class=\"wp-block-jetpack-slideshow_slide swiper-slide\"><figure><img loading=\"lazy\" decoding=\"async\" width=\"300\" height=\"122\" alt=\"\" class=\"wp-block-jetpack-slideshow_image wp-image-644\" data-id=\"644\" src=\"https:\/\/saopaulo.wordcamp.org\/2022\/files\/2021\/10\/studiovisual-logo-black@2x-300x122.png\" srcset=\"https:\/\/saopaulo.wordcamp.org\/2022\/files\/2021\/10\/studiovisual-logo-black@2x-300x122.png 300w, https:\/\/saopaulo.wordcamp.org\/2022\/files\/2021\/10\/studiovisual-logo-black@2x-1024x416.png 1024w, https:\/\/saopaulo.wordcamp.org\/2022\/files\/2021\/10\/studiovisual-logo-black@2x-768x312.png 768w, https:\/\/saopaulo.wordcamp.org\/2022\/files\/2021\/10\/studiovisual-logo-black@2x-500x203.png 500w, https:\/\/saopaulo.wordcamp.org\/2022\/files\/2021\/10\/studiovisual-logo-black@2x-1536x624.png 1536w, https:\/\/saopaulo.wordcamp.org\/2022\/files\/2021\/10\/studiovisual-logo-black@2x-1000x406.png 1000w, https:\/\/saopaulo.wordcamp.org\/2022\/files\/2021\/10\/studiovisual-logo-black@2x.png 1975w\" sizes=\"(max-width: 300px) 100vw, 300px\" \/><\/figure><\/li><li class=\"wp-block-jetpack-slideshow_slide swiper-slide\"><figure><img loading=\"lazy\" decoding=\"async\" width=\"261\" height=\"300\" alt=\"\" class=\"wp-block-jetpack-slideshow_image wp-image-3178\" data-id=\"3178\" src=\"https:\/\/saopaulo.wordcamp.org\/2022\/files\/2022\/11\/logo-wpcuritiba-fundo-branco-261x300.jpg\" srcset=\"https:\/\/saopaulo.wordcamp.org\/2022\/files\/2022\/11\/logo-wpcuritiba-fundo-branco-261x300.jpg 261w, https:\/\/saopaulo.wordcamp.org\/2022\/files\/2022\/11\/logo-wpcuritiba-fundo-branco-768x884.jpg 768w, https:\/\/saopaulo.wordcamp.org\/2022\/files\/2022\/11\/logo-wpcuritiba-fundo-branco.jpg 886w\" sizes=\"(max-width: 261px) 100vw, 261px\" \/><\/figure><\/li><li class=\"wp-block-jetpack-slideshow_slide swiper-slide\"><figure><img loading=\"lazy\" decoding=\"async\" width=\"300\" height=\"58\" alt=\"\" class=\"wp-block-jetpack-slideshow_image wp-image-801\" data-id=\"801\" src=\"https:\/\/saopaulo.wordcamp.org\/2022\/files\/2021\/10\/painelwp-300x58.png\" srcset=\"https:\/\/saopaulo.wordcamp.org\/2022\/files\/2021\/10\/painelwp-300x58.png 300w, https:\/\/saopaulo.wordcamp.org\/2022\/files\/2021\/10\/painelwp-1024x200.png 1024w, https:\/\/saopaulo.wordcamp.org\/2022\/files\/2021\/10\/painelwp-768x150.png 768w, https:\/\/saopaulo.wordcamp.org\/2022\/files\/2021\/10\/painelwp-500x97.png 500w, https:\/\/saopaulo.wordcamp.org\/2022\/files\/2021\/10\/painelwp-1536x300.png 1536w, https:\/\/saopaulo.wordcamp.org\/2022\/files\/2021\/10\/painelwp-2048x399.png 2048w, https:\/\/saopaulo.wordcamp.org\/2022\/files\/2021\/10\/painelwp-1000x195.png 1000w\" sizes=\"(max-width: 300px) 100vw, 300px\" \/><\/figure><\/li><li class=\"wp-block-jetpack-slideshow_slide swiper-slide\"><figure><img loading=\"lazy\" decoding=\"async\" width=\"300\" height=\"300\" alt=\"\" class=\"wp-block-jetpack-slideshow_image wp-image-3405\" data-id=\"3405\" src=\"https:\/\/saopaulo.wordcamp.org\/2022\/files\/2022\/11\/amicatek-300x300.jpg\" srcset=\"https:\/\/saopaulo.wordcamp.org\/2022\/files\/2022\/11\/amicatek-300x300.jpg 300w, https:\/\/saopaulo.wordcamp.org\/2022\/files\/2022\/11\/amicatek-150x150.jpg 150w, https:\/\/saopaulo.wordcamp.org\/2022\/files\/2022\/11\/amicatek-768x768.jpg 768w, https:\/\/saopaulo.wordcamp.org\/2022\/files\/2022\/11\/amicatek.jpg 800w\" sizes=\"(max-width: 300px) 100vw, 300px\" \/><\/figure><\/li><\/ul><a class=\"wp-block-jetpack-slideshow_button-prev swiper-button-prev swiper-button-white\" role=\"button\"><\/a><a class=\"wp-block-jetpack-slideshow_button-next swiper-button-next swiper-button-white\" role=\"button\"><\/a><a aria-label=\"Pause Slideshow\" class=\"wp-block-jetpack-slideshow_button-pause\" role=\"button\"><\/a><div class=\"wp-block-jetpack-slideshow_pagination swiper-pagination swiper-pagination-white\"><\/div><\/div><\/div>\n\n\n\n<p class=\"wp-block-paragraph\"><\/p>\n","protected":false},"excerpt":{"rendered":"<p>WordCamp S\u00e3o Paulo 202226 de novembro, s\u00e1bado, das 13h \u00e0s 16h15, online e gratuito Patrocinadores<\/p>\n","protected":false},"author":98905,"featured_media":0,"parent":0,"menu_order":0,"comment_status":"closed","ping_status":"closed","template":"","meta":{"_crdt_document":"","jetpack_post_was_ever_published":false,"footnotes":""},"class_list":["post-228","page","type-page","status-publish","hentry"],"jetpack_sharing_enabled":true,"_links":{"self":[{"href":"https:\/\/saopaulo.wordcamp.org\/2022\/wp-json\/wp\/v2\/pages\/228","targetHints":{"allow":["GET"]}}],"collection":[{"href":"https:\/\/saopaulo.wordcamp.org\/2022\/wp-json\/wp\/v2\/pages"}],"about":[{"href":"https:\/\/saopaulo.wordcamp.org\/2022\/wp-json\/wp\/v2\/types\/page"}],"replies":[{"embeddable":true,"href":"https:\/\/saopaulo.wordcamp.org\/2022\/wp-json\/wp\/v2\/comments?post=228"}],"version-history":[{"count":46,"href":"https:\/\/saopaulo.wordcamp.org\/2022\/wp-json\/wp\/v2\/pages\/228\/revisions"}],"predecessor-version":[{"id":3755,"href":"https:\/\/saopaulo.wordcamp.org\/2022\/wp-json\/wp\/v2\/pages\/228\/revisions\/3755"}],"author":[{"embeddable":true,"href":"https:\/\/saopaulo.wordcamp.org\/2022\/wp-json\/wporg\/v1\/users\/alexkoti"}],"wp:attachment":[{"href":"https:\/\/saopaulo.wordcamp.org\/2022\/wp-json\/wp\/v2\/media?parent=228"}],"curies":[{"name":"wp","href":"https:\/\/api.w.org\/{rel}","templated":true}]}}