{"id":2775,"date":"2022-10-24T21:59:51","date_gmt":"2022-10-25T00:59:51","guid":{"rendered":"https:\/\/saopaulo.wordcamp.org\/2022\/?page_id=2775"},"modified":"2022-11-26T11:13:11","modified_gmt":"2022-11-26T14:13:11","slug":"trilha-e","status":"publish","type":"page","link":"https:\/\/saopaulo.wordcamp.org\/2022\/trilha-e\/","title":{"rendered":"Trilha E"},"content":{"rendered":"\n\n\n<div class=\"wp-block-columns is-layout-flex wp-container-core-columns-is-layout-28f84493 wp-block-columns-is-layout-flex\">\n<div class=\"wp-block-column is-layout-flow wp-block-column-is-layout-flow\" style=\"flex-basis:66.66%\"><\/div>\n\n\n\n<div class=\"wp-block-column is-layout-flow wp-block-column-is-layout-flow\" style=\"flex-basis:33.33%\"><\/div>\n<\/div>\n\n\n\n\n\n\n\n<figure class=\"wp-block-embed is-type-video is-provider-youtube wp-block-embed-youtube wp-embed-aspect-16-9 wp-has-aspect-ratio\"><div class=\"wp-block-embed__wrapper\">\n<span class=\"embed-youtube\" style=\"text-align:center; display: block;\"><iframe loading=\"lazy\" class=\"youtube-player\" width=\"640\" height=\"360\" src=\"https:\/\/www.youtube.com\/embed\/QAJqxMsKMvI?version=3&#038;rel=1&#038;showsearch=0&#038;showinfo=1&#038;iv_load_policy=1&#038;fs=1&#038;hl=pt-BR&#038;autohide=2&#038;wmode=transparent\" allowfullscreen=\"true\" style=\"border:0;\" sandbox=\"allow-scripts allow-same-origin allow-popups allow-presentation allow-popups-to-escape-sandbox\"><\/iframe><\/span>\n<\/div><\/figure>\n\n\n\n<div class=\"wp-block-buttons is-layout-flex wp-block-buttons-is-layout-flex\">\n<div class=\"wp-block-button has-custom-width wp-block-button__width-100 has-custom-font-size is-style-outline has-small-font-size is-style-outline--1\"><a class=\"wp-block-button__link has-foreground-color has-text-color wp-element-button\" href=\"https:\/\/meet.jit.si\/wcsp-2022-trilha-e\" target=\"_blank\" rel=\"noreferrer noopener\"><strong>Trilha E | sala de reuni\u00e3o p\u00f3s-palestra:  <\/strong>https:\/\/meet.jit.si\/wcsp-2022-trilha-e<\/a><\/div>\n<\/div>\n\n\n<table class=\"wcpt-schedule\" border=\"0\"><thead><tr><th class=\"wcpt-col-time\">Hora<\/th><th class=\"wcpt-col-track\"> <span class=\"wcpt-track-name\">Trilha E<\/span> <span class=\"wcpt-track-description\"><\/span> <\/th><\/tr><\/thead><tbody><tr class=\"wcpt-time-1300 global-session abertura\"><td class=\"wcpt-time\">13:00<\/td><td colspan=\"1\" class=\"wcb-track-trilha-a wcb-track-trilha-b wcb-track-trilha-c wcb-track-trilha-d wcb-track-trilha-e wcpt-session-type-custom wcb-session-abertura\" data-track-title=\"Trilha A, Trilha B, Trilha C, Trilha D, Trilha E\" data-session-id=\"2696\"><div class=\"wcb-session-cell-content\"><span class=\"wcpt-session-title\">Abertura<\/span><\/div><\/td><\/tr><tr class=\"wcpt-time-1301 global-session etnomdia-indgena-sabia-que-os-povos-originrios-brasileiros-usam-o-wordpress-desde-2003\"><td class=\"wcpt-time\">13:01<\/td><td colspan=\"1\" class=\"wcb-speaker-anapuaka-muniz-tupinamba-hahahae wcb-track-trilha-a wcb-track-trilha-b wcb-track-trilha-c wcb-track-trilha-d wcb-track-trilha-e wcb-session-category-comunidade wcpt-session-type-session wcb-session-etnomidia-indigena-sabia-que-os-povos-originarios-brasileiros-usam-o-wordpress-desde-2003\" data-track-title=\"Trilha A, Trilha B, Trilha C, Trilha D, Trilha E\" data-session-id=\"2623\"><div class=\"wcb-session-cell-content\"><a class=\"wcpt-session-title\" href=\"https:\/\/saopaulo.wordcamp.org\/2022\/session\/etnomidia-indigena-sabia-que-os-povos-originarios-brasileiros-usam-o-wordpress-desde-2003\/\"><strong>Etnom\u00eddia ind\u00edgena: sabia que os povos origin\u00e1rios brasileiros usam o WordPress desde 2003?<\/strong><\/a> <span class=\"wcpt-session-speakers\"><a href=\"https:\/\/saopaulo.wordcamp.org\/2022\/speaker\/anapuaka-muniz-tupinamba-hahahae\/\">An\u00e1pu\u00e0ka Muniz Tupinamb\u00e1 H\u00e3h\u00e3h\u00e3e<\/a><\/span><\/div><div class=\"wcb-session-favourite-icon\"><a href=\"#\" role=\"button\" class=\"fav-session-button\" aria-pressed=\"false\"><span class=\"screen-reader-text\">Palestra favorita: <strong>Etnom\u00eddia ind\u00edgena: sabia que os povos origin\u00e1rios brasileiros usam o WordPress desde 2003?<\/strong><\/span><span class=\"dashicons dashicons-star-filled\"><\/span><\/a><\/div><\/td><\/tr><tr class=\"wcpt-time-1325 global-session intervalo\"><td class=\"wcpt-time\">13:25<\/td><td colspan=\"1\" class=\"wcb-track-trilha-a wcb-track-trilha-b wcb-track-trilha-c wcb-track-trilha-d wcb-track-trilha-e wcpt-session-type-custom wcb-session-intervalo-2\" data-track-title=\"Trilha A, Trilha B, Trilha C, Trilha D, Trilha E\" data-session-id=\"2725\"><div class=\"wcb-session-cell-content\"><span class=\"wcpt-session-title\">Intervalo<\/span><\/div><\/td><\/tr><tr class=\"wcpt-time-1330 global-session melhore-a-satisfao-do-cliente-com-mtodos-geis\"><td class=\"wcpt-time\">13:30<\/td><td colspan=\"1\" class=\"wcb-speaker-frederico-marvila-de-oliveira wcb-track-trilha-e wcb-session-category-desenvolvimento-programacao wcpt-session-type-session wcb-session-melhore-a-satisfacao-do-cliente-com-metodos-ageis\" data-track-title=\"Trilha E\" data-session-id=\"2675\"><div class=\"wcb-session-cell-content\"><a class=\"wcpt-session-title\" href=\"https:\/\/saopaulo.wordcamp.org\/2022\/session\/melhore-a-satisfacao-do-cliente-com-metodos-ageis\/\"><strong>Melhore a satisfa\u00e7\u00e3o do cliente com m\u00e9todos \u00e1geis<\/strong><\/a> <span class=\"wcpt-session-speakers\"><a href=\"https:\/\/saopaulo.wordcamp.org\/2022\/speaker\/frederico-marvila-de-oliveira\/\">Frederico Marvila de Oliveira<\/a><\/span><\/div><div class=\"wcb-session-favourite-icon\"><a href=\"#\" role=\"button\" class=\"fav-session-button\" aria-pressed=\"false\"><span class=\"screen-reader-text\">Palestra favorita: <strong>Melhore a satisfa\u00e7\u00e3o do cliente com m\u00e9todos \u00e1geis<\/strong><\/span><span class=\"dashicons dashicons-star-filled\"><\/span><\/a><\/div><\/td><\/tr><tr class=\"wcpt-time-1355 global-session intervalo\"><td class=\"wcpt-time\">13:55<\/td><td colspan=\"1\" class=\"wcb-track-trilha-a wcb-track-trilha-b wcb-track-trilha-c wcb-track-trilha-d wcb-track-trilha-e wcpt-session-type-custom wcb-session-intervalo\" data-track-title=\"Trilha A, Trilha B, Trilha C, Trilha D, Trilha E\" data-session-id=\"2704\"><div class=\"wcb-session-cell-content\"><span class=\"wcpt-session-title\">Intervalo<\/span><\/div><\/td><\/tr><tr class=\"wcpt-time-1400 global-session conectando-sistemas-com-woocommerce-e-n8n\"><td class=\"wcpt-time\">14:00<\/td><td colspan=\"1\" class=\"wcb-speaker-luiz-eduardo-de-oliveira-fonseca wcb-track-trilha-e wcb-session-category-desenvolvimento-programacao wcpt-session-type-session wcb-session-conectando-sistemas-com-woocommerce-e-n8n\" data-track-title=\"Trilha E\" data-session-id=\"2678\"><div class=\"wcb-session-cell-content\"><a class=\"wcpt-session-title\" href=\"https:\/\/saopaulo.wordcamp.org\/2022\/session\/conectando-sistemas-com-woocommerce-e-n8n\/\"><strong>Conectando Sistemas com WooCommerce e N8N<\/strong><\/a> <span class=\"wcpt-session-speakers\"><a href=\"https:\/\/saopaulo.wordcamp.org\/2022\/speaker\/luiz-eduardo-de-oliveira-fonseca\/\">Luiz Eduardo de Oliveira Fonseca<\/a><\/span><\/div><div class=\"wcb-session-favourite-icon\"><a href=\"#\" role=\"button\" class=\"fav-session-button\" aria-pressed=\"false\"><span class=\"screen-reader-text\">Palestra favorita: <strong>Conectando Sistemas com WooCommerce e N8N<\/strong><\/span><span class=\"dashicons dashicons-star-filled\"><\/span><\/a><\/div><\/td><\/tr><tr class=\"wcpt-time-1425 global-session intervalo\"><td class=\"wcpt-time\">14:25<\/td><td colspan=\"1\" class=\"wcb-track-trilha-a wcb-track-trilha-b wcb-track-trilha-c wcb-track-trilha-d wcb-track-trilha-e wcpt-session-type-custom wcb-session-intervalo-3\" data-track-title=\"Trilha A, Trilha B, Trilha C, Trilha D, Trilha E\" data-session-id=\"2742\"><div class=\"wcb-session-cell-content\"><span class=\"wcpt-session-title\">Intervalo<\/span><\/div><\/td><\/tr><tr class=\"wcpt-time-1430 global-session projeto-afro-mapeamento-de-artistas-negros-no-brasil\"><td class=\"wcpt-time\">14:30<\/td><td colspan=\"1\" class=\"wcb-speaker-deri-andrade wcb-track-trilha-e wcb-session-category-conteudo wcpt-session-type-session wcb-session-projeto-afro-mapeamento-de-artistas-negros-no-brasil\" data-track-title=\"Trilha E\" data-session-id=\"2680\"><div class=\"wcb-session-cell-content\"><a class=\"wcpt-session-title\" href=\"https:\/\/saopaulo.wordcamp.org\/2022\/session\/projeto-afro-mapeamento-de-artistas-negros-no-brasil\/\"><strong>Projeto Afro: mapeamento de artistas negros no Brasil<\/strong><\/a> <span class=\"wcpt-session-speakers\"><a href=\"https:\/\/saopaulo.wordcamp.org\/2022\/speaker\/deri-andrade\/\">Deri Andrade<\/a><\/span><\/div><div class=\"wcb-session-favourite-icon\"><a href=\"#\" role=\"button\" class=\"fav-session-button\" aria-pressed=\"false\"><span class=\"screen-reader-text\">Palestra favorita: <strong>Projeto Afro: mapeamento de artistas negros no Brasil<\/strong><\/span><span class=\"dashicons dashicons-star-filled\"><\/span><\/a><\/div><\/td><\/tr><tr class=\"wcpt-time-1455 global-session intervalo\"><td class=\"wcpt-time\">14:55<\/td><td colspan=\"1\" class=\"wcb-track-trilha-a wcb-track-trilha-b wcb-track-trilha-c wcb-track-trilha-d wcb-track-trilha-e wcpt-session-type-custom wcb-session-intervalo-4\" data-track-title=\"Trilha A, Trilha B, Trilha C, Trilha D, Trilha E\" data-session-id=\"2748\"><div class=\"wcb-session-cell-content\"><span class=\"wcpt-session-title\">Intervalo<\/span><\/div><\/td><\/tr><tr class=\"wcpt-time-1500 global-session meus-ltimos-12-meses-de-zero-experincia-a-wordpress-contributor\"><td class=\"wcpt-time\">15:00<\/td><td colspan=\"1\" class=\"wcb-speaker-luiz-miguel-axcar wcb-track-trilha-e wcb-session-category-outros wcpt-session-type-session wcb-session-meus-ultimos-12-meses-de-zero-experiencia-a-wordpress-contributor\" data-track-title=\"Trilha E\" data-session-id=\"2682\"><div class=\"wcb-session-cell-content\"><a class=\"wcpt-session-title\" href=\"https:\/\/saopaulo.wordcamp.org\/2022\/session\/meus-ultimos-12-meses-de-zero-experiencia-a-wordpress-contributor\/\"><strong>Meus \u00faltimos 12 meses: de zero experi\u00eancia a WordPress Contributor<\/strong><\/a> <span class=\"wcpt-session-speakers\"><a href=\"https:\/\/saopaulo.wordcamp.org\/2022\/speaker\/luiz-miguel-axcar\/\">Luiz Miguel Axcar<\/a><\/span><\/div><div class=\"wcb-session-favourite-icon\"><a href=\"#\" role=\"button\" class=\"fav-session-button\" aria-pressed=\"false\"><span class=\"screen-reader-text\">Palestra favorita: <strong>Meus \u00faltimos 12 meses: de zero experi\u00eancia a WordPress Contributor<\/strong><\/span><span class=\"dashicons dashicons-star-filled\"><\/span><\/a><\/div><\/td><\/tr><tr class=\"wcpt-time-1525 global-session intervalo\"><td class=\"wcpt-time\">15:25<\/td><td colspan=\"1\" class=\"wcb-track-trilha-a wcb-track-trilha-b wcb-track-trilha-c wcb-track-trilha-d wcb-track-trilha-e wcpt-session-type-custom wcb-session-intervalo-5\" data-track-title=\"Trilha A, Trilha B, Trilha C, Trilha D, Trilha E\" data-session-id=\"2754\"><div class=\"wcb-session-cell-content\"><span class=\"wcpt-session-title\">Intervalo<\/span><\/div><\/td><\/tr><tr class=\"wcpt-time-1530 global-session no-tenha-surpresas-dicas-de-planejamento-de-projetos-wordpress\"><td class=\"wcpt-time\">15:30<\/td><td colspan=\"1\" class=\"wcb-speaker-max-denvir wcb-track-trilha-e wcb-session-category-negocios wcpt-session-type-session wcb-session-nao-tenha-surpresas-dicas-de-planejamento-de-projetos-wordpress\" data-track-title=\"Trilha E\" data-session-id=\"2684\"><div class=\"wcb-session-cell-content\"><a class=\"wcpt-session-title\" href=\"https:\/\/saopaulo.wordcamp.org\/2022\/session\/nao-tenha-surpresas-dicas-de-planejamento-de-projetos-wordpress\/\"><strong>N\u00e3o tenha surpresas: dicas de planejamento de projetos WordPress<\/strong><\/a> <span class=\"wcpt-session-speakers\"><a href=\"https:\/\/saopaulo.wordcamp.org\/2022\/speaker\/max-denvir\/\">Max Denvir<\/a><\/span><\/div><div class=\"wcb-session-favourite-icon\"><a href=\"#\" role=\"button\" class=\"fav-session-button\" aria-pressed=\"false\"><span class=\"screen-reader-text\">Palestra favorita: <strong>N\u00e3o tenha surpresas: dicas de planejamento de projetos WordPress<\/strong><\/span><span class=\"dashicons dashicons-star-filled\"><\/span><\/a><\/div><\/td><\/tr><tr class=\"wcpt-time-1555 global-session intervalo\"><td class=\"wcpt-time\">15:55<\/td><td colspan=\"1\" class=\"wcb-track-trilha-a wcb-track-trilha-b wcb-track-trilha-c wcb-track-trilha-d wcb-track-trilha-e wcpt-session-type-custom wcb-session-intervalo-6\" data-track-title=\"Trilha A, Trilha B, Trilha C, Trilha D, Trilha E\" data-session-id=\"2760\"><div class=\"wcb-session-cell-content\"><span class=\"wcpt-session-title\">Intervalo<\/span><\/div><\/td><\/tr><tr class=\"wcpt-time-1600 global-session encerramento\"><td class=\"wcpt-time\">16:00<\/td><td colspan=\"1\" class=\"wcb-track-trilha-a wcb-track-trilha-b wcb-track-trilha-c wcb-track-trilha-d wcb-track-trilha-e wcpt-session-type-custom wcb-session-encerramento\" data-track-title=\"Trilha A, Trilha B, Trilha C, Trilha D, Trilha E\" data-session-id=\"2701\"><div class=\"wcb-session-cell-content\"><span class=\"wcpt-session-title\">Encerramento<\/span><\/div><\/td><\/tr><\/tbody><\/table>\n\t<div class=\"email-form fav-session-email-form-hide\">\n\t\t<!-- Tab links -->\n\t\t<div class=\"fav-session-share-tab\">\n\t\t\t\t\t\t\t<div class=\"fav-session-tablinks\" id=\"fav-session-btn-email\">\n\t\t\t\t\tE-mail\t\t\t\t<\/div>\n\t\t\t\n\t\t\t<div class=\"fav-session-tablinks\" id=\"fav-session-btn-link\">\n\t\t\t\tLink\t\t\t<\/div>\n\n\t\t\t<div class=\"fav-session-tablinks\" id=\"fav-session-btn-print\">\n\t\t\t\tImprimir\t\t\t<\/div>\n\t\t<\/div>\n\n\t\t<!-- Tab content -->\n\t\t\t\t\t<div id=\"fav-session-tab-email\" class=\"fav-session-share-tabcontent\">\n\t\t\t\t<div id=\"fav-session-email-form\">\n\t\t\t\t\tEnvie-me minhas sess\u00f5es favoritas:\n\t\t\t\t\t<form id=\"fav-sessions-form\">\n\t\t\t\t\t\t<input\n\t\t\t\t\t\t\ttype=\"text\"\n\t\t\t\t\t\t\tname=\"email_address\"\n\t\t\t\t\t\t\tid=\"fav-sessions-email-address\"\n\t\t\t\t\t\t\tplaceholder=\"me@protonmail.com\"\n\t\t\t\t\t\t\/>\n\t\t\t\t\t\t<input type=\"submit\" value=\"Enviar\" \/>\n\t\t\t\t\t<\/form>\n\t\t\t\t<\/div>\n\n\t\t\t\t<div class=\"fav-session-email-wait-spinner\"><\/div>\n\t\t\t\t<div class=\"fav-session-email-result\"><\/div>\n\t\t\t<\/div>\n\t\t\n\t\t<div id=\"fav-session-tab-link\" class=\"fav-session-share-tabcontent\">\n\t\t\tLink compartilh\u00e1vel:\t\t\t<br \/>\n\t\t\t<a id=\"fav-sessions-link\" href=\"\"><\/a>\n\t\t<\/div>\n\n\t\t<div id=\"fav-session-tab-print\" class=\"fav-session-share-tabcontent\">\n\t\t\t<button id=\"fav-session-print\">\n\t\t\t\tImprimir sess\u00f5es favoritas\t\t\t<\/button>\n\t\t<\/div>\n\t<\/div>\n\n\t<a class=\"show-email-form\" href=\"javascript:\">\n\t\t<span class=\"dashicons dashicons-star-filled\"><\/span>\n\t\t<span class=\"dashicons dashicons-email-alt\"><\/span>\n\t<\/a>\n\n\t\n\n\n\n<div class=\"wp-block-group is-layout-constrained wp-block-group-is-layout-constrained\">\n<div class=\"wp-block-buttons is-layout-flex wp-block-buttons-is-layout-flex\">\n<div class=\"wp-block-button has-custom-width wp-block-button__width-100 has-custom-font-size is-style-outline has-medium-font-size is-style-outline--2\"><a class=\"wp-block-button__link has-foreground-color has-text-color wp-element-button\" href=\"https:\/\/saopaulo.wordcamp.org\/2022\/trilha-a\/\" target=\"_blank\" rel=\"noreferrer noopener \"><strong>LINK PARA A TRILHA A<\/strong><\/a><\/div>\n\n\n\n<div class=\"wp-block-button has-custom-width wp-block-button__width-100 has-custom-font-size is-style-outline has-medium-font-size is-style-outline--3\"><a class=\"wp-block-button__link has-foreground-color has-text-color wp-element-button\" href=\"https:\/\/saopaulo.wordcamp.org\/2022\/trilha-b\/\" target=\"_blank\" rel=\"noreferrer noopener \"><strong>LINK PARA A TRILHA B<\/strong><\/a><\/div>\n\n\n\n<div class=\"wp-block-button has-custom-width wp-block-button__width-100 has-custom-font-size is-style-outline has-medium-font-size is-style-outline--4\"><a class=\"wp-block-button__link has-foreground-color has-text-color wp-element-button\" href=\"https:\/\/saopaulo.wordcamp.org\/2022\/trilha-c\/\" target=\"_blank\" rel=\"noreferrer noopener \"><strong>LINK PARA A TRILHA C<\/strong><\/a><\/div>\n\n\n\n<div class=\"wp-block-button has-custom-width wp-block-button__width-100 has-custom-font-size is-style-outline has-medium-font-size is-style-outline--5\"><a class=\"wp-block-button__link has-foreground-color has-text-color wp-element-button\" href=\"https:\/\/saopaulo.wordcamp.org\/2022\/trilha-d\/\" target=\"_blank\" rel=\"noreferrer noopener \"><strong>LINK PARA A TRILHA D<\/strong><\/a><\/div>\n<\/div>\n<\/div>\n","protected":false},"excerpt":{"rendered":"","protected":false},"author":18000164,"featured_media":0,"parent":0,"menu_order":0,"comment_status":"closed","ping_status":"closed","template":"","meta":{"jetpack_post_was_ever_published":false,"footnotes":""},"class_list":["post-2775","page","type-page","status-publish","hentry"],"jetpack_sharing_enabled":true,"_links":{"self":[{"href":"https:\/\/saopaulo.wordcamp.org\/2022\/wp-json\/wp\/v2\/pages\/2775","targetHints":{"allow":["GET"]}}],"collection":[{"href":"https:\/\/saopaulo.wordcamp.org\/2022\/wp-json\/wp\/v2\/pages"}],"about":[{"href":"https:\/\/saopaulo.wordcamp.org\/2022\/wp-json\/wp\/v2\/types\/page"}],"author":[{"embeddable":true,"href":"https:\/\/saopaulo.wordcamp.org\/2022\/wp-json\/wp\/v2\/users\/18000164"}],"replies":[{"embeddable":true,"href":"https:\/\/saopaulo.wordcamp.org\/2022\/wp-json\/wp\/v2\/comments?post=2775"}],"version-history":[{"count":5,"href":"https:\/\/saopaulo.wordcamp.org\/2022\/wp-json\/wp\/v2\/pages\/2775\/revisions"}],"predecessor-version":[{"id":3731,"href":"https:\/\/saopaulo.wordcamp.org\/2022\/wp-json\/wp\/v2\/pages\/2775\/revisions\/3731"}],"wp:attachment":[{"href":"https:\/\/saopaulo.wordcamp.org\/2022\/wp-json\/wp\/v2\/media?parent=2775"}],"curies":[{"name":"wp","href":"https:\/\/api.w.org\/{rel}","templated":true}]}}