{"id":3454,"date":"2022-11-17T22:10:35","date_gmt":"2022-11-18T01:10:35","guid":{"rendered":"https:\/\/saopaulo.wordcamp.org\/2022\/?page_id=3454"},"modified":"2022-11-20T20:03:49","modified_gmt":"2022-11-20T23:03:49","slug":"press-release","status":"publish","type":"page","link":"https:\/\/saopaulo.wordcamp.org\/2022\/press-release\/","title":{"rendered":"Press release"},"content":{"rendered":"\n<h2 class=\"wp-block-heading\"><strong>Com 7 palestrantes negros e 1 ind\u00edgena, WordCamp S\u00e3o Paulo 2022 acontece neste s\u00e1bado (26\/11)<\/strong><\/h2>\n\n\n\n<p><\/p>\n\n\n\n<p><em>Online e gratuita, a 11\u00aa edi\u00e7\u00e3o da maior confer\u00eancia da Am\u00e9rica Latina dedicada ao WordPress oferece 26 atividades nos eixos Desenvolvimento, Design, Neg\u00f3cios, Conte\u00fado e Comunidade<\/em><\/p>\n\n\n\n<p>S\u00c3O PAULO, 20 DE NOVEMBRO DE 2022 \u2013 Com&nbsp; sete palestrantes negros e um ind\u00edgena, o <strong>WordCamp S\u00e3o Paulo 2022<\/strong> acontece neste s\u00e1bado, 26 de novembro, das 13h \u00e0s 16h15.&nbsp;<\/p>\n\n\n\n<p>Ao todo, a 11\u00aa edi\u00e7\u00e3o da maior confer\u00eancia da Am\u00e9rica Latina dedicada ao <strong>WordPress<\/strong> conta com 26 speakers<strong> \u2013 <\/strong>negros e ind\u00edgena representam 30% dos palestrantes. Nesse recorte, h\u00e1 duas mulheres negras, cinco homens negros e um homem indigena.<\/p>\n\n\n\n<p>Online e gratuito, o <strong>WordCamp S\u00e3o Paulo 2022<\/strong> oferece 26 atividades \u2013 24 palestras e dois workshops.&nbsp;<\/p>\n\n\n\n<p>Distribu\u00eddas em seis eixos \u2013 Desenvolvimento, Design, Neg\u00f3cios, Conte\u00fado, Comunidade e Outros \u2013 e em cinco trilhas, as atividades tratam de temas como Etnom\u00eddia ind\u00edgena e WordPress, SEO, seguran\u00e7a de sites WordPress, desenvolvimento de blocos do Gutenberg, Design Thinking, Metodologia de Vendas, chatbots, Lei Geral de Prote\u00e7\u00e3o de Dados Pessoais (LGPD), WooCommerce e MEI.&nbsp;<\/p>\n\n\n\n<p>Os ingressos para o evento de Tecnologia j\u00e1 est\u00e3o dispon\u00edveis em <a href=\"https:\/\/saopaulo.wordcamp.org\/2022\/ingressos\/\" target=\"_blank\" rel=\"noreferrer noopener \">saopaulo.wordcamp.org\/2022\/ingressos<\/a>. A bilheteria funciona at\u00e9 as 23h59, de 25 de novembro, sexta-feira. A retirada de tickets garante a emiss\u00e3o do certificado de participa\u00e7\u00e3o.\u00a0<\/p>\n\n\n\n<p>A seguir, conhe\u00e7a os palestrantes negros e ind\u00edgena e as suas respectivas atividades na programa\u00e7\u00e3o do<strong> WordCamp S\u00e3o Paulo 2022<\/strong>:<\/p>\n\n\n\n<p><br><strong>[PALESTRA] SEO t\u00e9cnico no WordPress: como garantir que seu site ser\u00e1 encontrado<\/strong>, com Amanda Noronha Araujo<\/p>\n\n\n\n<p><strong>[PALESTRA] Etnom\u00eddia ind\u00edgena: sabia que os povos origin\u00e1rios brasileiros usam o WordPress desde 2000?<\/strong>, com Anapuaka Muniz Tupinamb\u00e1 H\u00e3h\u00e3h\u00e3e<\/p>\n\n\n\n<p><strong>[PALESTRA] Projeto Afro: mapeamento de artistas negros no Brasil<\/strong>, com Deri Andrade<\/p>\n\n\n\n<p><strong>[PALESTRA] Comunica\u00e7\u00e3o em um mundo onde ningu\u00e9m sabe mais se comunicar<\/strong>, com Digo Ribeiro<\/p>\n\n\n\n<p><strong>[PALESTRA] Metodologia de vendas: aumente o faturamento e atenda novos clientes<\/strong>, com H\u00e9lio Alexandrino dos Santos<\/p>\n\n\n\n<p>&nbsp;<strong>[PALESTRA] Design Thinking aplicado ao desenvolvimento de produtos<\/strong>, com Kleber Oliveira<\/p>\n\n\n\n<p><strong>[PALESTRA] T\u00e9cnicas de SEO: Copywriting via WordPress<\/strong>, com Lu\u00eds Rosa<\/p>\n\n\n\n<p><strong>[PALESTRA] Inclus\u00e3o: a import\u00e2ncia do suporte e acompanhamento das PcDs nas empresas<\/strong>, com V\u00e2nia Rosa da Silva<\/p>\n\n\n\n<p>Mais detalhes sobre a programa\u00e7\u00e3o do <strong>WordCamp S\u00e3o Paulo 2022:<\/strong> <a href=\"https:\/\/saopaulo.wordcamp.org\/2022\/programacao\/\" target=\"_blank\" rel=\"noreferrer noopener \">saopaulo.wordcamp.org\/2022\/programacao<\/a><\/p>\n\n\n\n<p>Sem fins lucrativos, o <strong>WordCamp S\u00e3o Paulo<\/strong> acontece ininterruptamente desde 2012. Tradicionalmente presencial e pago, o <strong>WordCamp S\u00e3o Paulo<\/strong> se tornou online e gratuito durante a pandemia de covid-19.<\/p>\n\n\n\n<p><strong>SERVI\u00c7O<\/strong><br><strong>WORDCAMP S\u00c3O PAULO 2022 \u2013 ONLINE E GRATUITO<\/strong><br><strong>Data:<\/strong> 26 de novembro, s\u00e1bado, das 13h \u00e0s 16h15.<br><strong>Quanto?<\/strong> Gr\u00e1tis.<br><strong>Ingressos: <\/strong><a href=\"https:\/\/saopaulo.wordcamp.org\/2022\/ingressos\/\" target=\"_blank\" rel=\"noreferrer noopener \">saopaulo.wordcamp.org\/2022\/ingressos<\/a><br><strong>Site:<\/strong> <a href=\"https:\/\/saopaulo.wordcamp.org\/2022\/\" target=\"_blank\" rel=\"noreferrer noopener \">saopaulo.wordcamp.org\/2022<\/a><br><strong>Facebook: <\/strong><a href=\"http:\/\/www.facebook.com\/WordCampSaoPaulo\" target=\"_blank\" rel=\"noreferrer noopener\">www.facebook.com\/WordCampSaoPaulo<\/a><br><strong>Twitter:<\/strong> <a href=\"https:\/\/twitter.com\/WPsampa\" target=\"_blank\" rel=\"noreferrer noopener\">twitter.com\/WPsampa<\/a><br><strong>Instagram:<\/strong> <a href=\"http:\/\/www.instagram.com\/wpsampa\" target=\"_blank\" rel=\"noreferrer noopener\">www.instagram.com\/wpsampa<\/a><br><strong>LinkedIn:<\/strong> <a href=\"https:\/\/www.linkedin.com\/company\/wordcamp-s%C3%A3o-paulo\" target=\"_blank\" rel=\"noreferrer noopener\">linkedin.com\/company\/wordcamp-s\u00e3o-paulo<\/a><br><strong>YouTube:<\/strong> <a href=\"http:\/\/www.youtube.com\/c\/WordPressSaoPaulo\" target=\"_blank\" rel=\"noreferrer noopener\">www.youtube.com\/c\/WordPressSaoPaulo<\/a><\/p>\n\n\n\n<p><strong>PATROCINADORES<\/strong><br><strong>Ouro: <\/strong>Kangaroo Host e Studio Visual<br><strong>Prata: <\/strong>Amicatek e Comunidade de WordPress de Curitiba<br><strong>Bronze:<\/strong> PainelWP<\/p>\n\n\n\n<p>Contato para a imprensa: <a rel=\"noreferrer noopener\" href=\"mailto:saopaulo.wordcamp@gmail.com\" target=\"_blank\">saopaulo.wordcamp@gmail.com<\/a><\/p>\n\n\n\n<p><\/p>\n\n\n\n<p><\/p>\n\n\n\n<hr class=\"wp-block-separator has-alpha-channel-opacity\" \/>\n\n\n\n<h2 class=\"wp-block-heading\"><strong>Online e gratuito, WordCamp S\u00e3o Paulo 2022 acontece em 26 de novembro<\/strong><\/h2>\n\n\n\n<p><em>A 11\u00aa edi\u00e7\u00e3o da maior confer\u00eancia da Am\u00e9rica Latina dedicada ao WordPress oferece 26 atividades nos eixos Desenvolvimento, Design, Neg\u00f3cios, Conte\u00fado e Comunidade<\/em><\/p>\n\n\n\n<p><\/p>\n\n\n\n<p>S\u00c3O PAULO, 7 DE NOVEMBRO DE 2022 \u2013 O <strong>WordCamp S\u00e3o Paulo 2022<\/strong> acontece em 26 de novembro, s\u00e1bado, das 13h \u00e0s 16h15. Online e gratuita, a 11\u00aa edi\u00e7\u00e3o da maior confer\u00eancia da Am\u00e9rica Latina dedicada ao <strong>WordPress<\/strong> oferece 26 atividades \u2013 24 palestras e dois workshops.<\/p>\n\n\n\n<p>Distribu\u00eddas em seis eixos \u2013 Desenvolvimento, Design, Neg\u00f3cios, Conte\u00fado, Comunidade e Outros \u2013 e em cinco trilhas, as atividades tratam de temas como Etnom\u00eddia ind\u00edgena e <strong>WordPress<\/strong>, SEO, seguran\u00e7a de sites <strong>WordPress<\/strong>, desenvolvimento de blocos do Gutenberg, Design Thinking, Metodologia de Vendas, chatbots, Lei Geral de Prote\u00e7\u00e3o de Dados Pessoais (LGPD), <strong>WooCommerce<\/strong> e MEI.<\/p>\n\n\n\n<p>Os ingressos para o evento de Tecnologia j\u00e1 est\u00e3o dispon\u00edveis em <a rel=\"noreferrer noopener\" href=\"https:\/\/bit.ly\/3Sgjfn0\" data-type=\"URL\" data-id=\"https:\/\/bit.ly\/3Sgjfn0\" target=\"_blank\">saopaulo.wordcamp.org\/2022\/ingressos<\/a>. A bilheteria funciona at\u00e9 as 23h59, de 25 de novembro, sexta-feira. A retirada de tickets garante a emiss\u00e3o do certificado de participa\u00e7\u00e3o.<\/p>\n\n\n\n<p>A seguir, veja as atividades e os palestrantes que comp\u00f5em a programa\u00e7\u00e3o do <strong>WordCamp S\u00e3o Paulo 2022:<\/strong><\/p>\n\n\n\n<p>13h01 \u2013 <strong>[PALESTRA] Etnom\u00eddia ind\u00edgena: sabia que os povos origin\u00e1rios brasileiros usam o WordPress desde 2003?<\/strong>, com Anapuaka Muniz Tupinamb\u00e1 H\u00e3h\u00e3h\u00e3e<\/p>\n\n\n\n<p>13h30 \u2013 <strong>[PALESTRA] Desenvolvimento de Blocos do Gutenberg: Uma Introdu\u00e7\u00e3o<\/strong>, com Matheus Gimenez Petroni<\/p>\n\n\n\n<p>13h30 \u2013 <strong>[WORKSHOP] Inbound Marketing na Pr\u00e1tica com WordPress<\/strong>, com Sandra Peres<\/p>\n\n\n\n<p>13h30 \u2013 <strong>[PALESTRA] Como proteger e aumentar a seguran\u00e7a do WordPress<\/strong>, com Vinicius Nascimento<\/p>\n\n\n\n<p>13h30 \u2013 <strong>[PALESTRA] VUI (Voice User Interface) e WordPress<\/strong>, com Jana\u00edna Pereira<\/p>\n\n\n\n<p>13h30 \u2013 <strong>[PALESTRA] Melhore a satisfa\u00e7\u00e3o do cliente com m\u00e9todos \u00e1geis<\/strong>, com Frederico Marvila de Oliveira<\/p>\n\n\n\n<p>14h00 \u2013 <strong>[PALESTRA] Trabalho remoto com WordPress dentro e fora do pa\u00eds<\/strong>, com Felipe Elia<\/p>\n\n\n\n<p>14h00 \u2013 <strong>[PALESTRA] O impacto da Lei Geral de Prote\u00e7\u00e3o de Dados Pessoais (LGPD) no Marketing Digital<\/strong>, com Rafael Moraes da Silva<\/p>\n\n\n\n<p>14h00 \u2013 <strong>[WORKSHOP] Preciso abrir um MEI \u2013 e agora?<\/strong>, com Sara Damasceno de Castro<\/p>\n\n\n\n<p>14h00 \u2013 <strong>[PALESTRA] T\u00e9cnicas de SEO: Copywriting via WordPress<\/strong>, com Lu\u00eds Rosa<\/p>\n\n\n\n<p>14h00 \u2013 [<strong>PALESTRA] Conectando Sistemas com WooCommerce e N8N<\/strong>, com Luiz Eduardo de Oliveira Fonseca<\/p>\n\n\n\n<p>14h30 \u2013 <strong>[PALESTRA] SEO \u00e9 um trabalho em equipe<\/strong>, com<br>Karina Oliveira da Costa<\/p>\n\n\n\n<p>14h30 \u2013 <strong>[PALESTRA] Utilizando Docker para agilizar seu desenvolvimento WordPress<\/strong>, com Bruno Antunes Magrini<\/p>\n\n\n\n<p>14h30 \u2013 <strong>[PALESTRA] O poder do visual para posicionar seu neg\u00f3cio no Digital<\/strong>, com Caroline Rangel de Souza<\/p>\n\n\n\n<p>14h30 \u2013 <strong>[PALESTRA] WordPress: quais s\u00e3o as possibilidades e os limites do CMS?<\/strong>, com Felipe Oliveira<\/p>\n\n\n\n<p>14h30 \u2013 <strong>[PALESTRA] Projeto Afro: mapeamento de artistas negros no Brasil<\/strong>, com Deri Andrade<\/p>\n\n\n\n<p>15h00 \u2013 <strong>[PALESTRA] Inclus\u00e3o: a import\u00e2ncia do suporte e acompanhamento das PcDs nas empresas<\/strong>, com V\u00e2nia Rosa da Silva<\/p>\n\n\n\n<p>15h00 \u2013 <strong>[PALESTRA] Metodologia de vendas: aumente o faturamento e atenda novos clientes<\/strong>, com H\u00e9lio Alexandrino dos Santos<\/p>\n\n\n\n<p>15h00 \u2013 <strong>[PALESTRA] Desmitificando a Otimiza\u00e7\u00e3o de Sites WordPress<\/strong>, com Daniel Paz<\/p>\n\n\n\n<p>15h00 \u2013 <strong>[PALESTRA] Como escrever artigos para seres humanos<\/strong>, com Lissa Ferreira<\/p>\n\n\n\n<p>15h00 \u2013 <strong>[PALESTRA] Meus \u00faltimos 12 meses: de zero experi\u00eancia a WordPress Contributor<\/strong>, com Luiz Miguel Axcar<\/p>\n\n\n\n<p>15h30 \u2013 <strong>[PALESTRA] Design Thinking aplicado ao desenvolvimento de produtos<\/strong>, com Kleber Oliveira<\/p>\n\n\n\n<p>15h30 \u2013 <strong>[PALESTRA] Curadoria para agentes virtuais<\/strong>, com Tatiane Silva de Paula<\/p>\n\n\n\n<p>15h30 \u2013 <strong>[PALESTRA] Comunica\u00e7\u00e3o em um mundo onde ningu\u00e9m sabe mais se comunicar<\/strong>, com Digo Ribeiro<\/p>\n\n\n\n<p>15h30 \u2013 <strong>[PALESTRA] SEO t\u00e9cnico no WordPress: como garantir que seu site ser\u00e1 encontrado<\/strong>, com Amanda Noronha Araujo<\/p>\n\n\n\n<p>15h30 \u2013 <strong>[PALESTRA] N\u00e3o tenha surpresas: dicas de planejamento de projetos WordPress<\/strong>, com Max Denvir<\/p>\n\n\n\n<p>Mais detalhes sobre a programa\u00e7\u00e3o do <strong>WordCamp S\u00e3o Paulo 2022<\/strong>: <a href=\"https:\/\/bit.ly\/3DjxxOx\" data-type=\"URL\" data-id=\"https:\/\/bit.ly\/3DjxxOx\" target=\"_blank\" rel=\"noreferrer noopener\">saopaulo.wordcamp.org\/2022\/programacao<\/a><\/p>\n\n\n\n<p>Tradicionalmente presencial e pago, o <strong>WordCamp S\u00e3o Paulo<\/strong> se tornou online e gratuito durante a pandemia de covid-19.<\/p>\n\n\n\n<p><strong>SERVI\u00c7O<br>WORDCAMP S\u00c3O PAULO 2022 \u2013 ONLINE E GRATUITO<br>Data: <\/strong>26 de novembro, s\u00e1bado, das 13h \u00e0s 16h15.<br><strong>Quanto? <\/strong>Gr\u00e1tis.<br><strong>Ingressos: <\/strong><a rel=\"noreferrer noopener\" href=\"https:\/\/bit.ly\/3Sgjfn0\" data-type=\"URL\" data-id=\"https:\/\/bit.ly\/3Sgjfn0\" target=\"_blank\">saopaulo.wordcamp.org\/2022\/ingressos<\/a><br><strong>Site:<\/strong> <a rel=\"noreferrer noopener\" href=\"https:\/\/bit.ly\/3W27VOu\" data-type=\"URL\" data-id=\"https:\/\/bit.ly\/3W27VOu\" target=\"_blank\">saopaulo.wordcamp.org\/2022<\/a><br><strong>Facebook: <\/strong><a rel=\"noreferrer noopener\" href=\"https:\/\/www.facebook.com\/WordCampSaoPaulo\" data-type=\"URL\" data-id=\"https:\/\/www.facebook.com\/WordCampSaoPaulo\" target=\"_blank\">www.facebook.com\/WordCampSaoPaulo<\/a><br><strong>Twitter:<\/strong> <a rel=\"noreferrer noopener\" href=\"https:\/\/twitter.com\/WPsampa\" data-type=\"URL\" data-id=\"https:\/\/twitter.com\/WPsampa\" target=\"_blank\">twitter.com\/WPsampa<\/a><br><strong>Instagram:<\/strong> <a rel=\"noreferrer noopener\" href=\"https:\/\/www.instagram.com\/wpsampa\/\" data-type=\"URL\" data-id=\"https:\/\/www.instagram.com\/wpsampa\/\" target=\"_blank\">www.instagram.com\/wpsampa<\/a><br><strong>LinkedIn: <\/strong><a rel=\"noreferrer noopener\" href=\"https:\/\/www.linkedin.com\/company\/wordcamp-sao-paulo\/\" data-type=\"URL\" data-id=\"https:\/\/www.linkedin.com\/company\/wordcamp-sao-paulo\/\" target=\"_blank\">linkedin.com\/company\/wordcamp-s\u00e3o-paulo<\/a><br><strong>YouTube: <\/strong><a rel=\"noreferrer noopener\" href=\"https:\/\/www.youtube.com\/c\/WordPressS%C3%A3oPaulo\" data-type=\"URL\" data-id=\"https:\/\/www.youtube.com\/c\/WordPressS%C3%A3oPaulo\" target=\"_blank\">www.youtube.com\/c\/WordPressSaoPaulo<\/a><\/p>\n\n\n\n<p><strong>PATROCINADORES<\/strong><br><strong>Ouro: <\/strong>Kangaroo Host e Studio Visual<br><strong>Prata: <\/strong>Amicatek e Comunidade de WordPress de Curitiba<br><strong>Bronze: <\/strong>PainelWP<\/p>\n\n\n\n<p>Contato para a imprensa: <a href=\"mailto:saopaulo.wordcamp@gmail.com\" target=\"_blank\" rel=\"noreferrer noopener\">saopaulo.wordcamp@gmail.com<\/a><\/p>\n","protected":false},"excerpt":{"rendered":"<p>Com 7 palestrantes negros e 1 ind\u00edgena, WordCamp S\u00e3o Paulo 2022 acontece neste s\u00e1bado (26\/11) Online e gratuita, a 11\u00aa edi\u00e7\u00e3o da maior confer\u00eancia da Am\u00e9rica Latina dedicada ao WordPress oferece 26 atividades nos eixos Desenvolvimento, Design, Neg\u00f3cios, Conte\u00fado e Comunidade S\u00c3O PAULO, 20 DE NOVEMBRO DE 2022 \u2013 Com&nbsp; sete palestrantes negros e um [&hellip;]<\/p>\n","protected":false},"author":18000164,"featured_media":0,"parent":0,"menu_order":0,"comment_status":"closed","ping_status":"closed","template":"","meta":{"jetpack_post_was_ever_published":false,"footnotes":""},"class_list":["post-3454","page","type-page","status-publish","hentry"],"jetpack_sharing_enabled":true,"_links":{"self":[{"href":"https:\/\/saopaulo.wordcamp.org\/2022\/wp-json\/wp\/v2\/pages\/3454","targetHints":{"allow":["GET"]}}],"collection":[{"href":"https:\/\/saopaulo.wordcamp.org\/2022\/wp-json\/wp\/v2\/pages"}],"about":[{"href":"https:\/\/saopaulo.wordcamp.org\/2022\/wp-json\/wp\/v2\/types\/page"}],"author":[{"embeddable":true,"href":"https:\/\/saopaulo.wordcamp.org\/2022\/wp-json\/wp\/v2\/users\/18000164"}],"replies":[{"embeddable":true,"href":"https:\/\/saopaulo.wordcamp.org\/2022\/wp-json\/wp\/v2\/comments?post=3454"}],"version-history":[{"count":7,"href":"https:\/\/saopaulo.wordcamp.org\/2022\/wp-json\/wp\/v2\/pages\/3454\/revisions"}],"predecessor-version":[{"id":3527,"href":"https:\/\/saopaulo.wordcamp.org\/2022\/wp-json\/wp\/v2\/pages\/3454\/revisions\/3527"}],"wp:attachment":[{"href":"https:\/\/saopaulo.wordcamp.org\/2022\/wp-json\/wp\/v2\/media?parent=3454"}],"curies":[{"name":"wp","href":"https:\/\/api.w.org\/{rel}","templated":true}]}}