{"id":539,"date":"2021-09-27T11:37:29","date_gmt":"2021-09-27T14:37:29","guid":{"rendered":"https:\/\/saopaulo.wordcamp.org\/2021\/?page_id=539"},"modified":"2022-10-13T21:30:39","modified_gmt":"2022-10-14T00:30:39","slug":"patrocine-o-wordcamp","status":"publish","type":"page","link":"https:\/\/saopaulo.wordcamp.org\/2022\/patrocine-o-wordcamp\/","title":{"rendered":"Patrocine o WordCamp S\u00e3o Paulo 2022"},"content":{"rendered":"\n<p>O WordCamp \u00e9 o \u00fanico evento oficial apoiado pela Funda\u00e7\u00e3o WordPress, \u00e9 organizado pela comunidade local e n\u00e3o possui fins lucrativos. Por isso, contamos com o apoio dos patrocinadores para fazer o evento acontecer e oferecer a melhor estrutura para os participantes.<\/p>\n\n\n\n<hr class=\"wp-block-separator has-text-color has-white-color has-css-opacity has-white-background-color has-background\" \/>\n\n\n\n<h2 class=\"wp-block-heading\">Quer conhecer melhor o evento? Veja o M\u00eddia Kit do WordCamp S\u00e3o Paulo 2022<\/h2>\n\n\n\n<p>Neste documento apresentamos a dimens\u00e3o do ecossistema WordPress, o que \u00e9 o WordCamp, o hist\u00f3rico de WordCamps na cidade de S\u00e3o Paulo, as cotas de patroc\u00ednio e outras informa\u00e7\u00f5es.<\/p>\n\n\n<iframe loading=\"lazy\" src=\"https:\/\/docs.google.com\/presentation\/d\/1i7F6sszPFpS-OwTU4eYmHZB7o5OhoDSc\/embed?start=false&#038;loop=false&#038;delayms=3000\" frameborder=\"0\" width=\"960\" height=\"569\" marginheight=\"0\" marginwidth=\"0\" allowfullscreen=\"true\" mozallowfullscreen=\"true\" webkitallowfullscreen=\"true\"><\/iframe>\n\n\n\n<hr class=\"wp-block-separator has-text-color has-white-color has-css-opacity has-white-background-color has-background\" \/>\n\n\n\n<hr class=\"wp-block-separator has-text-color has-white-color has-css-opacity has-white-background-color has-background\" \/>\n\n\n\n<h2 class=\"wp-block-heading\">Obrigado aos nossos patrocinadores<\/h2>\n\n\n\n<p>Veja a lista completa de patrocinadores do WordCamp S\u00e3o Paulo 2022 <a href=\"https:\/\/saopaulo.wordcamp.org\/2022\/patrocinadores\/\" data-type=\"URL\" data-id=\"https:\/\/saopaulo.wordcamp.org\/2022\/patrocinadores\/\">aqui<\/a>.<\/p>\n","protected":false},"excerpt":{"rendered":"<p>O WordCamp \u00e9 o \u00fanico evento oficial apoiado pela Funda\u00e7\u00e3o WordPress, \u00e9 organizado pela comunidade local e n\u00e3o possui fins lucrativos. Por isso, contamos com o apoio dos patrocinadores para fazer o evento acontecer e oferecer a melhor estrutura para os participantes. Quer conhecer melhor o evento? Veja o M\u00eddia Kit do WordCamp S\u00e3o Paulo [&hellip;]<\/p>\n","protected":false},"author":98905,"featured_media":0,"parent":0,"menu_order":0,"comment_status":"closed","ping_status":"closed","template":"","meta":{"jetpack_post_was_ever_published":false,"footnotes":""},"class_list":["post-539","page","type-page","status-publish","hentry"],"jetpack_sharing_enabled":true,"_links":{"self":[{"href":"https:\/\/saopaulo.wordcamp.org\/2022\/wp-json\/wp\/v2\/pages\/539","targetHints":{"allow":["GET"]}}],"collection":[{"href":"https:\/\/saopaulo.wordcamp.org\/2022\/wp-json\/wp\/v2\/pages"}],"about":[{"href":"https:\/\/saopaulo.wordcamp.org\/2022\/wp-json\/wp\/v2\/types\/page"}],"replies":[{"embeddable":true,"href":"https:\/\/saopaulo.wordcamp.org\/2022\/wp-json\/wp\/v2\/comments?post=539"}],"version-history":[{"count":3,"href":"https:\/\/saopaulo.wordcamp.org\/2022\/wp-json\/wp\/v2\/pages\/539\/revisions"}],"predecessor-version":[{"id":2427,"href":"https:\/\/saopaulo.wordcamp.org\/2022\/wp-json\/wp\/v2\/pages\/539\/revisions\/2427"}],"author":[{"embeddable":true,"href":"https:\/\/saopaulo.wordcamp.org\/2022\/wp-json\/wporg\/v1\/users\/alexkoti"}],"wp:attachment":[{"href":"https:\/\/saopaulo.wordcamp.org\/2022\/wp-json\/wp\/v2\/media?parent=539"}],"curies":[{"name":"wp","href":"https:\/\/api.w.org\/{rel}","templated":true}]}}